{"id":1054,"date":"2017-01-06T18:52:17","date_gmt":"2017-01-06T17:52:17","guid":{"rendered":"http:\/\/www.thrips-id.com\/de\/?page_id=1054"},"modified":"2024-05-26T22:20:48","modified_gmt":"2024-05-26T20:20:48","slug":"fossilien","status":"publish","type":"page","link":"https:\/\/www.thrips-id.com\/de\/foto-video\/fossilien\/","title":{"rendered":"Fossilien"},"content":{"rendered":"<div class=\"wpb-content-wrapper\"><p>[vc_row][vc_column][vc_column_text]<span style=\"color: #000000;\"><strong>Fossile Thripse<\/strong><\/span><\/p>\n<p>Die Aufnahmen zeigen gr\u00f6\u00dftenteils Einschl\u00fcsse von fossilen Thripsen in Bernstein und Kopal. Je nach Herkunft sind diese fossilen Harze, und damit auch die eingeschlossenen Thripse, bis zu 120 Millionen Jahre alt. Bilder von Bernsteineinschl\u00fcssen in dieser Qualit\u00e4t erfordern Erfahrung und Geduld. Das Hauptproblem sind Reflektionen und Verzerrungen. Die hier gezeigten Bilder wurden im Focus-Stacking-Verfahren erstellt, bei dem zahlreiche Einzelaufnahmen in unterschiedlichen Fokusebenen kombiniert werden. Die Beleuchtung erfolgte meist durch Kombination von Durchlicht mit mehreren Auflichtstrahlern. F\u00fcr die Auflichtbeleuchtung wurden starke Diffusoren verwendet, um Reflexionen zu vermeiden; unter die Proben wurden meist verschiedenfarbige Papierb\u00f6gen gelegt, um die Einschl\u00fcsse in besseren Kontrast zum gelblich durchscheinenden Bernstein zu setzen.<br \/>\nEine gro\u00dfe Auswahl von Bildern vieler \u2013 auch fossiler \u2013 Arten, ist unter <span class=\"style13\"><a title=\"Sammlung\" href=\"\/de\/arten\/\">Arten<\/a><\/span> verf\u00fcgbar.[\/vc_column_text][\/vc_column][\/vc_row][vc_row][vc_column][vc_media_grid element_width=&#8220;3&#8243; item=&#8220;mediaGrid_SlideInTitle&#8220; initial_loading_animation=&#8220;bounceIn&#8220; grid_id=&#8220;vc_gid:1716753084409-8753845378838cb0fbe0f66e4b1a2891-4&#8243; include=&#8220;1062,5735,5734,1066,1065,3930,1064,1070,3546,5742,5753,5752,4058,5309,6298,1918,3875,3895,4178,1078,5764,5763,1069,3492,1068,1073,1074,5771,5774,4339,4344,5791,5781,4348,5798,4355,5814,5813,1072,5822,5821,1076,3935,7401&#8243;][\/vc_column][\/vc_row]<\/p>\n<\/div>","protected":false},"excerpt":{"rendered":"<p>[vc_row][vc_column][vc_column_text]Fossile Thripse Die Aufnahmen zeigen gr\u00f6\u00dftenteils Einschl\u00fcsse von fossilen Thripsen in Bernstein und Kopal. Je nach Herkunft sind diese fossilen Harze, und damit auch die eingeschlossenen Thripse, bis zu 120 Millionen Jahre alt. Bilder von Bernsteineinschl\u00fcssen in dieser Qualit\u00e4t erfordern Erfahrung und Geduld. Das Hauptproblem sind Reflektionen und Verzerrungen. Die hier gezeigten Bilder wurden im&#8230;<\/p>\n","protected":false},"author":3,"featured_media":0,"parent":31,"menu_order":0,"comment_status":"closed","ping_status":"closed","template":"","meta":{"footnotes":""},"class_list":["post-1054","page","type-page","status-publish","hentry"],"_links":{"self":[{"href":"https:\/\/www.thrips-id.com\/de\/wp-json\/wp\/v2\/pages\/1054","targetHints":{"allow":["GET"]}}],"collection":[{"href":"https:\/\/www.thrips-id.com\/de\/wp-json\/wp\/v2\/pages"}],"about":[{"href":"https:\/\/www.thrips-id.com\/de\/wp-json\/wp\/v2\/types\/page"}],"author":[{"embeddable":true,"href":"https:\/\/www.thrips-id.com\/de\/wp-json\/wp\/v2\/users\/3"}],"replies":[{"embeddable":true,"href":"https:\/\/www.thrips-id.com\/de\/wp-json\/wp\/v2\/comments?post=1054"}],"version-history":[{"count":19,"href":"https:\/\/www.thrips-id.com\/de\/wp-json\/wp\/v2\/pages\/1054\/revisions"}],"predecessor-version":[{"id":7404,"href":"https:\/\/www.thrips-id.com\/de\/wp-json\/wp\/v2\/pages\/1054\/revisions\/7404"}],"up":[{"embeddable":true,"href":"https:\/\/www.thrips-id.com\/de\/wp-json\/wp\/v2\/pages\/31"}],"wp:attachment":[{"href":"https:\/\/www.thrips-id.com\/de\/wp-json\/wp\/v2\/media?parent=1054"}],"curies":[{"name":"wp","href":"https:\/\/api.w.org\/{rel}","templated":true}]}}