{"id":1081,"date":"2017-01-06T20:32:56","date_gmt":"2017-01-06T19:32:56","guid":{"rendered":"http:\/\/www.thrips-id.com\/de\/?page_id=1081"},"modified":"2023-10-09T22:37:25","modified_gmt":"2023-10-09T20:37:25","slug":"fluegel","status":"publish","type":"page","link":"https:\/\/www.thrips-id.com\/de\/foto-video\/fluegel\/","title":{"rendered":"Fl\u00fcgel"},"content":{"rendered":"<div class=\"wpb-content-wrapper\"><p>[vc_row][vc_column][vc_column_text]<strong><span class=\"style200\" style=\"color: #000000;\">Fransenfl\u00fcgel bei Insekten \u00a0&#8211; \u00a0Eine homologe Anpassung an die geringe K\u00f6rpergr\u00f6\u00dfe<\/span><\/strong><\/p>\n<p>Je kleiner Insekten sind, desto skurriler sind oft ihre Fl\u00fcgel gestaltet. Ihre Fluggeschwindigkeit ist zu gering um durch aerodynamische Kr\u00e4fte Auftrieb zu erlangen. So nutzen Kleinstinsekten nicht ihre Eigengeschwindigkeit, sondern die Viskosit\u00e4t der Luft. Sie fliegen, als ob sie in z\u00e4hem Honig schwimmen w\u00fcrden. F\u00fcr eine derartige Fortbewegung sind Fransenfl\u00fcgel besonders gut geeignet. N\u00e4heres dazu finden Sie unter <a href=\"\/de\/Flug\/\">Flug<\/a>.<\/p>\n<p class=\"style216 f-lp\"><span class=\"style25\">In dieser Galerie finden Sie \u00bbFransenfl\u00fcgler\u00ab nicht nur aus der Ordnung Thysanoptera, sondern aus ganz unterschiedlichen Insektengruppen, sowie einige ganz andere besondere Fl\u00fcgelausbildungen.<\/span><\/p>\n<p>[\/vc_column_text][\/vc_column][\/vc_row][vc_row][vc_column][vc_media_grid element_width=&#8220;3&#8243; item=&#8220;mediaGrid_SlideInTitle&#8220; initial_loading_animation=&#8220;bounceIn&#8220; grid_id=&#8220;vc_gid:1696883759228-f133aa7018d6708f53b6b492552ddbd0-4&#8243; include=&#8220;2795,1086,6253,2765,1083,1084,1085,2885,2770,4297,4274,4244,3462,5763,5752,5821,6254,6319,6258,6256&#8243;][\/vc_column][\/vc_row]<\/p>\n<\/div>","protected":false},"excerpt":{"rendered":"<p>[vc_row][vc_column][vc_column_text]Fransenfl\u00fcgel bei Insekten \u00a0&#8211; \u00a0Eine homologe Anpassung an die geringe K\u00f6rpergr\u00f6\u00dfe Je kleiner Insekten sind, desto skurriler sind oft ihre Fl\u00fcgel gestaltet. Ihre Fluggeschwindigkeit ist zu gering um durch aerodynamische Kr\u00e4fte Auftrieb zu erlangen. So nutzen Kleinstinsekten nicht ihre Eigengeschwindigkeit, sondern die Viskosit\u00e4t der Luft. Sie fliegen, als ob sie in z\u00e4hem Honig schwimmen w\u00fcrden&#8230;.<\/p>\n","protected":false},"author":3,"featured_media":0,"parent":31,"menu_order":0,"comment_status":"closed","ping_status":"closed","template":"","meta":{"footnotes":""},"class_list":["post-1081","page","type-page","status-publish","hentry"],"_links":{"self":[{"href":"https:\/\/www.thrips-id.com\/de\/wp-json\/wp\/v2\/pages\/1081","targetHints":{"allow":["GET"]}}],"collection":[{"href":"https:\/\/www.thrips-id.com\/de\/wp-json\/wp\/v2\/pages"}],"about":[{"href":"https:\/\/www.thrips-id.com\/de\/wp-json\/wp\/v2\/types\/page"}],"author":[{"embeddable":true,"href":"https:\/\/www.thrips-id.com\/de\/wp-json\/wp\/v2\/users\/3"}],"replies":[{"embeddable":true,"href":"https:\/\/www.thrips-id.com\/de\/wp-json\/wp\/v2\/comments?post=1081"}],"version-history":[{"count":22,"href":"https:\/\/www.thrips-id.com\/de\/wp-json\/wp\/v2\/pages\/1081\/revisions"}],"predecessor-version":[{"id":6320,"href":"https:\/\/www.thrips-id.com\/de\/wp-json\/wp\/v2\/pages\/1081\/revisions\/6320"}],"up":[{"embeddable":true,"href":"https:\/\/www.thrips-id.com\/de\/wp-json\/wp\/v2\/pages\/31"}],"wp:attachment":[{"href":"https:\/\/www.thrips-id.com\/de\/wp-json\/wp\/v2\/media?parent=1081"}],"curies":[{"name":"wp","href":"https:\/\/api.w.org\/{rel}","templated":true}]}}