{"id":13,"date":"2016-12-23T11:55:10","date_gmt":"2016-12-23T10:55:10","guid":{"rendered":"http:\/\/www.thrips-id.com\/?page_id=13"},"modified":"2025-11-07T11:46:37","modified_gmt":"2025-11-07T10:46:37","slug":"startseite","status":"publish","type":"page","link":"https:\/\/www.thrips-id.com\/de\/","title":{"rendered":"Home"},"content":{"rendered":"<div class=\"wpb-content-wrapper\"><p>[vc_row equal_height=&#8220;yes&#8220; content_placement=&#8220;middle&#8220;][vc_column][vc_column_text css=&#8220;.vc_custom_1761772127038{margin-bottom: 15px !important;border-bottom-width: 0px !important;padding-bottom: 0px !important;}&#8220;]<\/p>\n<p style=\"text-align: left;\"><strong><span style=\"color: #000000;\"><span style=\"font-size: large;\">Thrips-<em>iD<\/em> &nbsp;\u2013 &nbsp;Die Thysanopteren-Website von Dr. Manfred R. Ulitzka<\/span><\/span><\/strong><\/p>\n<p>[\/vc_column_text][\/vc_column][\/vc_row][vc_row][vc_column][vc_separator css=&#8220;.vc_custom_1493978509693{margin-top: 0px !important;border-top-width: 0px !important;border-bottom-width: 0px !important;padding-top: 13px !important;padding-bottom: 0px !important;}&#8220;][vc_column_text]<\/p>\n<blockquote>\n<p><em>Nomina si nescis, perit cognitio rerum<\/em> (<span style=\"font-variant: small-caps;\">Carl von Linn\u00e9<\/span>)<\/p>\n<\/blockquote>\n<p style=\"text-align: right;\"><em>Wenn Du die Namen nicht kennst, erlischt die Kenntnis der Dinge<\/em><\/p>\n<p>[\/vc_column_text][vc_separator css=&#8220;.vc_custom_1486167451812{margin-top: 0px !important;border-top-width: 0px !important;border-bottom-width: 0px !important;padding-top: 0px !important;padding-bottom: 0px !important;}&#8220;][vc_column_text css=&#8220;.vc_custom_1762097184460{margin-bottom: 15px !important;padding-bottom: 0px !important;}&#8220;]<\/p>\n<p data-start=\"376\" data-end=\"776\">Im Sinne des Zitats von Linn\u00e9 steht <em>iD<\/em> f\u00fcr <em data-start=\"421\" data-end=\"437\">identification<\/em>. Thysanopteren-Arten, deren taxonomische Einordnung sowie die \u00d6kologie dieser Insekten \u2013 die auch als Thripse oder Fransenfl\u00fcger bekannt sind \u2013 stehen im Mittelpunkt dieser Website. Neben allgemeinen Informationen zur Ordnung Thysanoptera finden Sie hier zahlreiche Details zu rezenten und fossilen Spezies. \u00dcber 1.500 Fotos vermitteln umfassende Eindr\u00fccke dieser winzigen, aber faszinierenden Kerbtiere.<br \/>\nDar\u00fcber hinaus k\u00f6nnen Sie sich \u00fcber meine bisherigen Projekte, Publikationen, Vortr\u00e4ge sowie \u00fcber meine umfangreiche <a href=\"https:\/\/www.thrips-id.com\/de\/sammlung\/\">Fransenfl\u00fcgler-Sammlung<\/a> informieren.<\/p>\n<p data-start=\"947\" data-end=\"1065\">Unter <a href=\"\/de\/service\/\">Service<\/a>&nbsp;finden Sie passende Angebote zur Bestimmung von Thripsen sowie zu Vortr\u00e4gen und Lehrveranstaltungen.<br \/>\nDie Rubrik <a href=\"\/de\/foto-video\/schaeden\/\">Fra\u00df- und Schadspuren<\/a> zeigt Saugsch\u00e4den von \u00fcber 30 Arten, die als Pflanzensch\u00e4dlinge in Erscheinung treten.<\/p>\n<p data-start=\"1204\" data-end=\"1264\">Rechte an Bildmaterial k\u00f6nnen auf Anfrage erworben werden.<\/p>\n<p data-start=\"1272\" data-end=\"1539\">Alle auf dieser Website ver\u00f6ffentlichten Fotos und Texte unterliegen meinem Urheberrecht. Der Download von Bildern ist f\u00fcr private Zwecke gestattet; eine Ver\u00f6ffentlichung oder \u00f6ffentliche Vorf\u00fchrung ist nur mit meiner ausdr\u00fccklichen schriftlichen Genehmigung erlaubt.<\/p>\n<p>Die empfohlene Form diese Website zu zitieren lautet wie folgt: Ulitzka, M.R. (<em>aktuelles Jahr<\/em>). Thrips-<em>iD<\/em> \u2013 Die Thysanopteren-Website von Dr. Manfred R. Ulitzka. Verf\u00fcgbar auf<span lang=\"EN-GB\">:<\/span> <a href=\"https:\/\/www.thrips-id.com\/de\">https:\/\/www.thrips-id.com\/de<\/a> [aufgerufen am <em>aktuelles Datum<\/em>].[\/vc_column_text][vc_separator css=&#8220;.vc_custom_1486206743603{border-top-width: 0px !important;padding-top: 0px !important;padding-bottom: 0px !important;}&#8220;][vc_column_text css=&#8220;&#8220;]<\/p>\n<p style=\"text-align: right;\"><em><span style=\"font-size: small;\">Last update: <\/span><\/em><span style=\"font-size: small;\">07<\/span><span style=\"font-size: small;\">.11.2025<\/span><\/p>\n<p>[\/vc_column_text][\/vc_column][\/vc_row]<\/p>\n<\/div>","protected":false},"excerpt":{"rendered":"<p>[vc_row equal_height=&#8220;yes&#8220; content_placement=&#8220;middle&#8220;][vc_column][vc_column_text css=&#8220;.vc_custom_1761772127038{margin-bottom: 15px !important;border-bottom-width: 0px !important;padding-bottom: 0px !important;}&#8220;] Thrips-iD &nbsp;\u2013 &nbsp;Die Thysanopteren-Website von Dr. Manfred R. Ulitzka [\/vc_column_text][\/vc_column][\/vc_row][vc_row][vc_column][vc_separator css=&#8220;.vc_custom_1493978509693{margin-top: 0px !important;border-top-width: 0px !important;border-bottom-width: 0px !important;padding-top: 13px !important;padding-bottom: 0px !important;}&#8220;][vc_column_text] Nomina si nescis, perit cognitio rerum (Carl von Linn\u00e9) Wenn Du die Namen nicht kennst, erlischt die Kenntnis der Dinge [\/vc_column_text][vc_separator css=&#8220;.vc_custom_1486167451812{margin-top: 0px !important;border-top-width:&#8230;<\/p>\n","protected":false},"author":1,"featured_media":2736,"parent":0,"menu_order":0,"comment_status":"closed","ping_status":"closed","template":"","meta":{"footnotes":""},"class_list":["post-13","page","type-page","status-publish","has-post-thumbnail","hentry"],"_links":{"self":[{"href":"https:\/\/www.thrips-id.com\/de\/wp-json\/wp\/v2\/pages\/13","targetHints":{"allow":["GET"]}}],"collection":[{"href":"https:\/\/www.thrips-id.com\/de\/wp-json\/wp\/v2\/pages"}],"about":[{"href":"https:\/\/www.thrips-id.com\/de\/wp-json\/wp\/v2\/types\/page"}],"author":[{"embeddable":true,"href":"https:\/\/www.thrips-id.com\/de\/wp-json\/wp\/v2\/users\/1"}],"replies":[{"embeddable":true,"href":"https:\/\/www.thrips-id.com\/de\/wp-json\/wp\/v2\/comments?post=13"}],"version-history":[{"count":142,"href":"https:\/\/www.thrips-id.com\/de\/wp-json\/wp\/v2\/pages\/13\/revisions"}],"predecessor-version":[{"id":8429,"href":"https:\/\/www.thrips-id.com\/de\/wp-json\/wp\/v2\/pages\/13\/revisions\/8429"}],"wp:featuredmedia":[{"embeddable":true,"href":"https:\/\/www.thrips-id.com\/de\/wp-json\/wp\/v2\/media\/2736"}],"wp:attachment":[{"href":"https:\/\/www.thrips-id.com\/de\/wp-json\/wp\/v2\/media?parent=13"}],"curies":[{"name":"wp","href":"https:\/\/api.w.org\/{rel}","templated":true}]}}