{"id":1350,"date":"2017-01-10T21:56:28","date_gmt":"2017-01-10T20:56:28","guid":{"rendered":"http:\/\/www.thrips-id.com\/de\/?page_id=1350"},"modified":"2024-02-02T22:40:52","modified_gmt":"2024-02-02T21:40:52","slug":"impressum","status":"publish","type":"page","link":"https:\/\/www.thrips-id.com\/de\/impressum\/","title":{"rendered":"Impressum"},"content":{"rendered":"<div class=\"wpb-content-wrapper\"><p>[vc_row][vc_column][vc_column_text]<\/p>\n<p class=\"style88\"><span style=\"color: #000000;\"><strong>Impressum<\/strong><\/span><\/p>\n<p><img loading=\"lazy\" decoding=\"async\" class=\"alignnone wp-image-405\" src=\"http:\/\/www.thrips-id.com\/de\/wp-content\/uploads\/sites\/2\/2016\/12\/Thrips-iD-Logo-300x77.png\" alt=\"\" width=\"257\" height=\"66\" srcset=\"https:\/\/www.thrips-id.com\/de\/wp-content\/uploads\/sites\/2\/2016\/12\/Thrips-iD-Logo-300x77.png 300w, https:\/\/www.thrips-id.com\/de\/wp-content\/uploads\/sites\/2\/2016\/12\/Thrips-iD-Logo.png 498w\" sizes=\"auto, (max-width: 257px) 100vw, 257px\" \/><\/p>\n<blockquote>\n<p><em>Nomina si nescis, perit cognitio rerum<\/em>\u00a0<span style=\"font-variant: small-caps;\">(Carl von Linn\u00e9)<\/span><\/p>\n<\/blockquote>\n<p style=\"text-align: right;\"><em>Wenn Du die Namen nicht kennst, erlischt die Kenntnis der Dinge<\/em><\/p>\n<p style=\"text-align: left;\">So steht\u00a0<em>\u00bbiD\u00ab<\/em>\u00a0f\u00fcr<em>\u00a0identification<\/em>:\u00a0\u00a0Artenerkennung, Taxonomie, aber auch die \u00d6kologie von Thysanopteren stehen im Focus dieser Website.<\/p>\n<p>Dr. Manfred R. Ulitzka\u00a0(Dipl.-Biol., Entomologe)<br \/>\nStra\u00dfburger Stra\u00dfe 37A<br \/>\nD-77652 Offenburg<\/p>\n<p>Telefon: \u00a0+49 (0) 781 9267 7517<br \/>\ne-Mail: \u00a0 \u00a0info@thysanoptera.de<br \/>\nInternet: www.thrips-iD.com<\/p>\n<p style=\"padding-left: 70px;\"><span class=\"style100\"><span class=\"style99\">www.thrips-iD.de<\/span><br \/>\n<span class=\"style100\">www.thysanoptera.de<\/span><br \/>\n<span class=\"style100\">www.thysanoptera.com<\/span><br \/>\n<span class=\"style100\">www.thrips.eu<\/span><br \/>\n<span class=\"style100\">thrips.science<\/span><\/span><\/p>\n<p>Haftungsausschluss:<br \/>\nIch \u00fcbernehme keine Haftung f\u00fcr die Inhalte externer Links. F\u00fcr den Inhalt der verlinkten Seiten sind ausschlie\u00dflich deren Betreiber verantwortlich. Klicken Sie auf <a href=\"\/de\/disclaimer\/\">Disclaimer<\/a>, dort finden Sie detaillierte Informationen.<\/p>\n<p>Die Bereitstellung von Publikationen als PDF-Dateien zum Download erfolgte mit freundlicher Genehmigung der Verlage.[\/vc_column_text][\/vc_column][\/vc_row]<\/p>\n<\/div>","protected":false},"excerpt":{"rendered":"<p>[vc_row][vc_column][vc_column_text] Impressum Nomina si nescis, perit cognitio rerum\u00a0(Carl von Linn\u00e9) Wenn Du die Namen nicht kennst, erlischt die Kenntnis der Dinge So steht\u00a0\u00bbiD\u00ab\u00a0f\u00fcr\u00a0identification:\u00a0\u00a0Artenerkennung, Taxonomie, aber auch die \u00d6kologie von Thysanopteren stehen im Focus dieser Website. Dr. Manfred R. Ulitzka\u00a0(Dipl.-Biol., Entomologe) Stra\u00dfburger Stra\u00dfe 37A D-77652 Offenburg Telefon: \u00a0+49 (0) 781 9267 7517 e-Mail: \u00a0 \u00a0info@thysanoptera.de Internet:&#8230;<\/p>\n","protected":false},"author":3,"featured_media":0,"parent":0,"menu_order":0,"comment_status":"closed","ping_status":"closed","template":"","meta":{"footnotes":""},"class_list":["post-1350","page","type-page","status-publish","hentry"],"_links":{"self":[{"href":"https:\/\/www.thrips-id.com\/de\/wp-json\/wp\/v2\/pages\/1350","targetHints":{"allow":["GET"]}}],"collection":[{"href":"https:\/\/www.thrips-id.com\/de\/wp-json\/wp\/v2\/pages"}],"about":[{"href":"https:\/\/www.thrips-id.com\/de\/wp-json\/wp\/v2\/types\/page"}],"author":[{"embeddable":true,"href":"https:\/\/www.thrips-id.com\/de\/wp-json\/wp\/v2\/users\/3"}],"replies":[{"embeddable":true,"href":"https:\/\/www.thrips-id.com\/de\/wp-json\/wp\/v2\/comments?post=1350"}],"version-history":[{"count":14,"href":"https:\/\/www.thrips-id.com\/de\/wp-json\/wp\/v2\/pages\/1350\/revisions"}],"predecessor-version":[{"id":6698,"href":"https:\/\/www.thrips-id.com\/de\/wp-json\/wp\/v2\/pages\/1350\/revisions\/6698"}],"wp:attachment":[{"href":"https:\/\/www.thrips-id.com\/de\/wp-json\/wp\/v2\/media?parent=1350"}],"curies":[{"name":"wp","href":"https:\/\/api.w.org\/{rel}","templated":true}]}}