{"id":1365,"date":"2017-01-10T22:55:59","date_gmt":"2017-01-10T21:55:59","guid":{"rendered":"http:\/\/www.thrips-id.com\/de\/?page_id=1365"},"modified":"2025-10-26T20:57:16","modified_gmt":"2025-10-26T19:57:16","slug":"links","status":"publish","type":"page","link":"https:\/\/www.thrips-id.com\/de\/links\/","title":{"rendered":"Links"},"content":{"rendered":"<div class=\"wpb-content-wrapper\"><p>[vc_row][vc_column][vc_column_text]<span style=\"color: #000000;\"><strong>Weiterf\u00fchrende Links\u00a0<\/strong><\/span>[\/vc_column_text][\/vc_column][\/vc_row][vc_row][vc_column][vc_tta_accordion style=&#8220;modern&#8220; gap=&#8220;1&#8243; c_align=&#8220;center&#8220; c_icon=&#8220;chevron&#8220; active_section=&#8220;1&#8243; no_fill=&#8220;true&#8220;][vc_tta_section title=&#8220;Thysanoptera im Web&#8220; tab_id=&#8220;1484087376069-99299521-dfe2&#8243;][vc_column_text css=&#8220;&#8220;]\u2022&nbsp;<span class=\"style63\"><a href=\"https:\/\/artfakta.se\/artinformation\/taxa\/thysanoptera-3000178\/galleri\" target=\"_blank\" rel=\"noopener\">Artfakta<\/a> \u2013 Tripsar &#8211; Thysanoptera of Sweden<\/span><\/p>\n<p class=\"style280\">\u2022&nbsp;<span class=\"style63\"><a href=\"http:\/\/www.ento.csiro.au\/thysanoptera\/index.php\" target=\"_blank\" rel=\"noopener\">CSIRO Entomology<\/a> \u2013 Thysanoptera (Thrips)<\/span><\/p>\n<p>\u2022&nbsp;<a href=\"http:\/\/thysanoptera.com.br\/home\" target=\"_blank\" rel=\"noopener\"><span class=\"style63\">Os Tripes do Brasil<\/span><\/a><span class=\"style63\">&nbsp; \u2013 The Thrips of Brazil<\/span><\/p>\n<p class=\"style280\">\u2022&nbsp;<a href=\"http:\/\/www.ozthrips.org\/\" target=\"_blank\" rel=\"noopener\"><span class=\"style63\">Oz Thrips<\/span><\/a><span class=\"style63\"> \u2013 Thysanoptera in Australia<\/span><\/p>\n<p class=\"style280\">\u2022&nbsp;<a href=\"http:\/\/thripsnet.zoologie.uni-halle.de\" target=\"_blank\" rel=\"noopener\"><span class=\"style63\">ThripsNet<\/span><\/a> <span class=\"style63\"> \u2013 A Microcosm of Biodiversity<\/span><\/p>\n<p>\u2022 <a href=\"https:\/\/thripsnet.zoologie.uni-halle.de\/key-server-neu\/data\/03030c05-030b-4107-880b-0a0a0702060d\/media\/Html\/index.html\" target=\"_blank\" rel=\"noopener\"><span class=\"style63\">ThripsNet<\/span><\/a> <span class=\"style63\"> \u2013 Identification and information tools for thrips in East Africa<\/span><\/p>\n<p class=\"style280\">\u2022&nbsp;<a href=\"http:\/\/keys.lucidcentral.org\/keys\/v3\/thrips_of_california\/Thrips_of_California.html\" target=\"_blank\" rel=\"noopener\"><span class=\"style63\">Thrips of California<\/span><\/a><span class=\"style63\"> \u2013 <\/span><span class=\"style63\">Helping distinguish pest species among California\u2019s rich thrips fauna<\/span><\/p>\n<p>\u2022&nbsp;<a href=\"https:\/\/keys.lucidcentral.org\/keys\/v3\/thrips_timor_leste\/index.html\" target=\"_blank\" rel=\"noopener\"><span class=\"style63\">Thrips of Timor Leste<\/span><\/a><span class=\"style63\"> \u2013 Pest thrips in Timor Leste<\/span><\/p>\n<p class=\"style280\">\u2022&nbsp;<a href=\"http:\/\/thrips.info\/wiki\/Main_Page\" target=\"_blank\" rel=\"noopener\"><span class=\"style63\">ThripsWiki<\/span><\/a> \u2013 Providing information on the World&#8217;s thrips<\/p>\n<p>\u2022&nbsp;<span class=\"style63\"><a href=\"http:\/\/keys.lucidcentral.org\/keys\/v3\/nz_thrips\/\" target=\"_blank\" rel=\"noopener\">Thysanoptera Aotearoa<\/a> \u2013 Thrips of New Zealand<\/span><\/p>\n<p>\u2022&nbsp;<a href=\"https:\/\/keys.lucidcentral.org\/keys\/v3\/thrips_australia\/\" target=\"_blank\" rel=\"noopener\">Thysanoptera Australiensis<\/a> \u2013 An identification and information system to thrips in Australia<\/p>\n<p>\u2022&nbsp;<a href=\"https:\/\/keys.lucidcentral.org\/keys\/v3\/british_thrips\/index.html\" target=\"_blank\" rel=\"noopener\">Thysanoptera Britannica et Hibernica<\/a> \u2013 Thrips of the British Isles<\/p>\n<p>\u2022 <a href=\"https:\/\/keys.lucidcentral.org\/keys\/v3\/thrips_of_california_2019\/\" target=\"_blank\" rel=\"noopener\">Thysanoptera Californica<\/a> \u2013 An identification and information system to thrips in California<\/p>\n<p>\u2022&nbsp;<a href=\"https:\/\/thrips.site\/index.html\" target=\"_blank\" rel=\"noopener\">Thysanoptera of Japan<\/a> \u2013 \u65e5\u672c\u306e\u30a2\u30b6\u30df\u30a6\u30de<\/p>\n<p>\u2022&nbsp;<a href=\"https:\/\/keys.lucidcentral.org\/keys\/v3\/thysanoptera_chinensis\/\" target=\"_blank\" rel=\"noopener\">Thysanoptera &#8211; Thripidae Chinensis<\/a> \u2013 Thripidae Genera from China<\/p>\n<p>\u2022 <a href=\"https:\/\/keys.lucidcentral.org\/keys\/v4\/thrips\/tubulifera_europaea\/\" target=\"_blank\" rel=\"noopener\">Thysanoptera &#8211; Tubulifera Europaea<\/a> \u2013 Thysanoptera &#8211; Phlaeothripidae genera recorded from Europe<\/p>\n<p>\u2022&nbsp;<a href=\"https:\/\/keys.lucidcentral.org\/keys\/v4\/thrips\/tubulifera\/index.html\" target=\"_blank\" rel=\"noopener\">Tubulifera Australiensis<\/a> \u2013 Thysanoptera-Phlaeothripidae genera in Australia[\/vc_column_text][\/vc_tta_section][vc_tta_section title=&#8220;Biodiversit\u00e4t &#038; Artenschutz&#8220; tab_id=&#8220;1484087376069-506dd2e4-78be&#8220;][vc_column_text css=&#8220;&#8220;]\u2022&nbsp;<a href=\"https:\/\/www.rote-liste-zentrum.de\/de\/Fransenflugler-Thysanoptera-1742.html\"><span class=\"style63\">Rote Liste Zentrum<\/span><\/a><span class=\"style63\"> \u2013 Gef\u00e4hrdungsstatus der Fransenfl\u00fcgler in Deutschland<\/span>[\/vc_column_text][\/vc_tta_section][vc_tta_section title=&#8220;Beratung bei Pflanzensch\u00e4den&#8220; tab_id=&#8220;1484087935320-6cd0a8f2-75df&#8220;][vc_column_text]\u2022\u00a0<a href=\"http:\/\/www.ltz-bw.de\/pb\/,Lde\/Startseite\">Landwirtschaftliches Technologiezentrum Augustenberg (LTZ), Karlsruhe<\/a><\/p>\n<p>\u2022 <a href=\"https:\/\/www.koppertbio.de\/nachrichten\/geben-sie-thrips-keine-chance\/#:~:text=Koppert%20hat%20eine%20ganze%20Reihe,der%20Bek\u00e4mpfung%20von%20Thripsen%20unterst\u00fctzen.&amp;text=Thripse%20kommen%20manchmal%20\u00fcberraschend%20schnell,durch%20Verformungen%20der%20j\u00fcngsten%20Bl\u00e4tter.\" target=\"_blank\" rel=\"noopener\"><span class=\"style63\">Koppert &#8211; Partners with Nature \u2013 Biologischer Pflanzenschutz<\/span><\/a><\/p>\n<p>\u2022 <span class=\"style63\"><a title=\"N\u00fctzlinge.de\" href=\"http:\/\/www.nuetzlinge.de\/\" target=\"_blank\" rel=\"noopener\">Sautter &amp; Stepper GmbH &#8211; Biologischer Pflanzenschutz<\/a><\/span>[\/vc_column_text][\/vc_tta_section][vc_tta_section title=&#8220;Insektenfotos&#8220; tab_id=&#8220;1484088451819-ebed97bf-e450&#8243;][vc_column_text]\u2022\u00a0<a href=\"http:\/\/insektenfotos.de\/forum\/\" target=\"_blank\" rel=\"noopener\"><span class=\"style63\">Insektenfotos.de<\/span><\/a>\u00a0&#8211; Forum zur Bestimmung von Insekten<\/p>\n<p>\u2022 <a href=\"http:\/\/www.insektengalerie.de\" target=\"_blank\" rel=\"noopener\">Die Insektengalerie<\/a><\/p>\n<p>\u2022\u00a0<a href=\"http:\/\/www.fkohl.de\/gallery\/index\/de\/-\/-\" target=\"_blank\" rel=\"noopener\"><span class=\"style63\">Frithjof Kohl &#8211; Makrofotos von Gliederf\u00fcssern<\/span><\/a>[\/vc_column_text][\/vc_tta_section][vc_tta_section title=&#8220;Mikroskopie&#8220; tab_id=&#8220;1484088491684-5118905a-35c5&#8243;][vc_column_text]<\/p>\n<p class=\"style280\">\u2022\u00a0<a href=\"http:\/\/www.mikroskopie-forum.de\/index.php\" target=\"_blank\" rel=\"noopener\"><span class=\"style63\">Mikroskopie-Forum<\/span><\/a>\u00a0&#8211; Das freundlichste und beste Forum rund um die Mikroskopie<\/p>\n<p class=\"style371\">\u2022\u00a0<span class=\"style63\"><a title=\"Mikroskopisches Kollegium Bonn\" href=\"http:\/\/www.mikroskopie-bonn.de\/downloads\/index.html\" target=\"_blank\" rel=\"noopener\">Mikroskopisches Kollegium Bonn<\/a><\/span><a title=\"Mikroskopisches Kollegium Bonn\" href=\"http:\/\/www.mikroskopie-bonn.de\/downloads\/index.html\" target=\"_blank\" rel=\"noopener\"><span class=\"style63\">\u00a0<\/span><\/a>&#8211; Rund um die Mikroskopie. Mit vielen Tips &amp; Anleitungen<\/p>\n<p>[\/vc_column_text][\/vc_tta_section][vc_tta_section title=&#8220;Presse &#038; Medien&#8220; tab_id=&#8220;1484088605214-682d3567-6023&#8243;][vc_column_text]<\/p>\n<p class=\"style371\">\u2022\u00a0<span class=\"style63\"><a title=\"BZ 14.04.2014\" href=\"http:\/\/www.badische-zeitung.de\/offenburg\/bio-lehrer-weist-neue-insektenart-in-mitteleuropa-nach\" target=\"_blank\" rel=\"noopener\">Badische Zeitung (2014)<\/a><\/span>\u00a0&#8211; Bio-Lehrer weist neue Insektenart in Mitteleuropa nach.<\/p>\n<p>\u2022 <a href=\"https:\/\/www.erziehungskunst.de\/nachrichten\/wissenschaft\/auf-den-spuren-der-fransenfluegler-waldorflehrer-entdeckt-seltene-insektenart\/\" target=\"_blank\" rel=\"noopener\">Erziehungskunst (2014)<\/a>\u00a0&#8211; Auf den Spuren der Fransenfl\u00fcgler &#8211; Waldorflehrer entdeckt seltene Insektenart.<\/p>\n<p class=\"style286\">\u2022\u00a0<span class=\"style63\"><a title=\"BZ 17.10.2015\" href=\"http:\/\/www.badische-zeitung.de\/offenburg\/ein-fossil-das-deinen-namen-traegt--112665252.html\" target=\"_blank\" rel=\"noopener\">Badische Zeitung (2015)<\/a><\/span>\u00a0&#8211;\u00a0<span class=\"style402\">Ein Fossil, das Deinen Namen tr\u00e4gt<\/span>.<\/p>\n<p class=\"style280\">\u2022\u00a0<span class=\"style63\"><a title=\"BO 2015\" href=\"http:\/\/www.bo.de\/lokales\/ortenau\/offenburger-forscher-macht-besonderes-hochzeitsgeschenk\" target=\"_blank\" rel=\"noopener\">Baden Online<\/a><\/span><a title=\"BO 2015\" href=\"http:\/\/www.bo.de\/lokales\/ortenau\/offenburger-forscher-macht-besonderes-hochzeitsgeschenk\" target=\"_blank\" rel=\"noopener\"><span class=\"style63\">\u00a0(2015)<\/span><\/a>\u00a0&#8211; Offenburger Forscher macht besonderes Hochzeitsgeschenk.<\/p>\n<p>\u2022\u00a0<a href=\"https:\/\/hastingscountrypark.org.uk\/2017\/11\/13\/international-teamwork-identifies-a-new-species-for-the-country-park\/\" target=\"_blank\" rel=\"noopener\"><span class=\"style63\">Hastings Country Park NR Conversation Group (2017)<\/span><\/a>\u00a0&#8211; International Teamwork identifies a new species for the Country Park.<\/p>\n<p>\u2022\u00a0<a href=\"https:\/\/www.erziehungskunst.de\/artikel\/der-fransenfluegelforscher\/\" target=\"_blank\" rel=\"noopener\"><span class=\"style63\">Der Fransenfl\u00fcgelforscher<\/span>\u00a0(2018)<\/a> &#8211; Im Gespr\u00e4ch mit dem Lehrer und Insektenforscher Manfred Ulitzka &#8211; Erziehungskunst (April 2018, S. 33-36).<\/p>\n<p>\u2022\u00a0<a href=\"https:\/\/hastingscountrypark.org.uk\/2018\/07\/23\/another-thrips-species-in-the-country-park\/\" target=\"_blank\" rel=\"noopener\"><span class=\"style63\">Hastings Country Park N R Conversation Group (2018)<\/span><\/a>\u00a0&#8211; Another Thrips species in the Country Park.<\/p>\n<p class=\"style280\" style=\"text-align: left;\">\u2022 Jasper: Ein Lied \u00fcber den Fransenfl\u00fcgler Fred.\u00a0<span class=\"style47\">\u00dcbrigens &#8230; \u00bbder Text, der stammt von Fred, die Melodie die ist geklaut!\u00ab\u00a0<em>Video unten klicken!<\/em> \u00a0<\/span><\/p>\n<p>[\/vc_column_text][vc_video link=&#8220;https:\/\/www.youtube.com\/watch?v=6eloROJbmzU&#8220;][\/vc_tta_section][vc_tta_section title=&#8220;Literatur&#8220; tab_id=&#8220;1484088643599-e664b8b1-6bc2&#8243;][vc_column_text]\u2022 <a href=\"https:\/\/www.nhbs.com\/fauna-sinica-insecta-volume-69-thysanoptera-chinese-2-volume-set-book\" target=\"_blank\" rel=\"noopener\">JINIAN, F., QINGLING, H. &amp; SHIMENG, Z.: Thysanoptera.<\/a> <em>Fauna Sinica: Insecta, Volume 69. Science Press, China 2021. ISBN 9787030682727.<\/em><\/p>\n<p>\u2022\u00a0<a href=\"https:\/\/www.google.de\/books\/edition\/Thrips\/zFy2QgAACAAJ?hl=de\" target=\"_blank\" rel=\"noopener\">KIRK, W. &amp; HOPKINS, \u00a0A. J.: Thrips (Naturalists&#8216; Handbooks, 25)<\/a>. <em>Richmond Publishing Co Ltd 1996. ISBN 978-0855463083.<\/em><\/p>\n<p class=\"style324\">\u2022 <a href=\"https:\/\/books.google.de\/books\/about\/Thrips_as_Crop_Pests.html?id=5mNnQgAACAAJ&amp;redir_esc=y\" target=\"_blank\" rel=\"noopener\">LEWIS, T.: Thrips as crop pests<\/a>.\u00a0<em>CAB International, Wallingford, New York 1997. ISBN 08519901785.<\/em><\/p>\n<p class=\"style324\">\u2022 <a href=\"https:\/\/books.google.de\/books?id=QuhMAAAAYAAJ&amp;q=moritz+Thripse&amp;dq=moritz+Thripse&amp;hl=de&amp;sa=X&amp;ved=0ahUKEwjUiqGN3LjRAhXCBBoKHRqsAX0Q6AEIGjAA\" target=\"_blank\" rel=\"noopener\">MORITZ, G.: Thripse<\/a>. Die Neue Brehm-B\u00fccherei Bd. 663. <em>Westarp Wissenschaften Verlagsgesellschaft mbH, Hohenwarsleben 2006, ISBN 3-89432-891-6.<\/em><\/p>\n<p>\u2022 <a href=\"https:\/\/books.google.de\/books\/about\/Thysanoptera.html?id=eYWEQgAACAAJ&amp;redir_esc=y\" target=\"_blank\" rel=\"noopener\">MOUND, L.A. &amp; KIBBY, G.: Thysanoptera \u2013 An Identification Guide<\/a>. <em>CABI Publishing Series, CAB International 1998. ISBN: 0851992110.<\/em><\/p>\n<p class=\"style324\">\u2022 <a href=\"https:\/\/books.google.de\/books?id=mQUiAQAAMAAJ&amp;q=Mound+Marullo+thrips+Central+america&amp;dq=Mound+Marullo+thrips+Central+america&amp;hl=de&amp;sa=X&amp;ved=0ahUKEwimnq-83LjRAhWFXhoKHSxsBlAQ6AEIHDAA\" target=\"_blank\" rel=\"noopener\">MOUND, L.A. &amp; MARULLO, R.: The thrips of Central and South America: An introduction (Insecta: Thysanoptera)<\/a>. <em>Associated Publishers, Gainesville, Florida, 1996. ISBN 1-56665-061-5.<\/em><\/p>\n<p>\u2022 <a href=\"https:\/\/www.royensoc.co.uk\/shop\/publications\/out-of-print-handbooks\/thysanoptera\/\" target=\"_blank\" rel=\"noopener\">MOUND, L.A., MORISON, G.D., PITKIN, B.R. &amp; PALMER, J.M.: Thysanoptera<\/a>. RES Handbooks for the Identification of British Insects Volume 1, Part 11, 2013. <a href=\"https:\/\/www.royensoc.co.uk\/wp-content\/uploads\/2021\/12\/Vol01_Part11.pdf\" target=\"_blank\" rel=\"noopener\">Download von: Royal Entomological Society<\/a><\/p>\n<p>\u2022 <a href=\"https:\/\/www.nhbs.com\/thrips-of-japan-japanese-book\" target=\"_blank\" rel=\"noopener\">OKAJIMA, S. &amp; MASUMOTO, M.: Thrips of Japan<\/a>. <em>Zenkoku Noson Kyoiku Kyokai Publishing Co 2022. ISBN 9784881372029.<\/em><\/p>\n<p class=\"style324\">\u2022 <a href=\"https:\/\/books.google.de\/books?id=9IsgAQAAMAAJ&amp;q=Priesner+Ordnung+Thysanoptera&amp;dq=Priesner+Ordnung+Thysanoptera&amp;hl=de&amp;sa=X&amp;ved=0ahUKEwjn8u3u3LjRAhWBrxoKHbzkAY4Q6AEIHDAA\" target=\"_blank\" rel=\"noopener\">PRIESNER, H.: Ordnung Thysanoptera<\/a>. <i><span dir=\"ltr\">Bestimmungsb\u00fccher zur Bodenfauna Europas, 2. Teil.\u00a0<\/span><\/i><em>Akademie-Verlag, Berlin 1964.<\/em><\/p>\n<p class=\"style324\">\u2022\u00a0<a href=\"https:\/\/books.google.de\/books\/about\/Thysanoptera_Fransenfl\u00fcgler.html?id=1-wwGQAACAAJ&amp;redir_esc=y\" target=\"_blank\" rel=\"noopener\">SCHLIEPHAKE, G. &amp; KLIMT, K.: Thysanoptera, Fransenfl\u00fcgler<\/a>. <em>In:<\/em>\u00a0<em>DAHL, F. (Hrsg.):\u00a0Die Tierwelt Deutschlands<\/em> <em>66. VEB Fischer, Jena 1979.<\/em><\/p>\n<p class=\"style324\">\u2022 <a href=\"https:\/\/books.google.de\/books?id=Cw5NAAAAYAAJ&amp;q=zur+Strasse+die+terebranten+Thysanopteren&amp;dq=zur+Strasse+die+terebranten+Thysanopteren&amp;hl=de&amp;sa=X&amp;ved=0ahUKEwiCg8rj4LjRAhVDvBoKHcRvAX4Q6AEINDAE\" target=\"_blank\" rel=\"noopener\">ZUR STRASSEN, R.: Die terebranten Thysanopteren Europas<\/a>. <em>In: DAHL, F. (Hrsg.): Die Tierwelt Deutschlands und der angrenzenden Meeresteile nach ihren Merkmalen und ihrer Lebensweise. 74. Teil. Goecke &amp; Evers, Keltern 2003, ISBN 3-931374-58-0.<\/em><\/p>\n<p>[\/vc_column_text][\/vc_tta_section][\/vc_tta_accordion][\/vc_column][\/vc_row]<\/p>\n<\/div>","protected":false},"excerpt":{"rendered":"<p>[vc_row][vc_column][vc_column_text]Weiterf\u00fchrende Links\u00a0[\/vc_column_text][\/vc_column][\/vc_row][vc_row][vc_column][vc_tta_accordion style=&#8220;modern&#8220; gap=&#8220;1&#8243; c_align=&#8220;center&#8220; c_icon=&#8220;chevron&#8220; active_section=&#8220;1&#8243; no_fill=&#8220;true&#8220;][vc_tta_section title=&#8220;Thysanoptera im Web&#8220; tab_id=&#8220;1484087376069-99299521-dfe2&#8243;][vc_column_text css=&#8220;&#8220;]\u2022&nbsp;Artfakta \u2013 Tripsar &#8211; Thysanoptera of Sweden \u2022&nbsp;CSIRO Entomology \u2013 Thysanoptera (Thrips) \u2022&nbsp;Os Tripes do Brasil&nbsp; \u2013 The Thrips of Brazil \u2022&nbsp;Oz Thrips \u2013 Thysanoptera in Australia \u2022&nbsp;ThripsNet \u2013 A Microcosm of Biodiversity \u2022 ThripsNet \u2013 Identification and information tools for thrips in&#8230;<\/p>\n","protected":false},"author":3,"featured_media":0,"parent":0,"menu_order":0,"comment_status":"closed","ping_status":"closed","template":"","meta":{"footnotes":""},"class_list":["post-1365","page","type-page","status-publish","hentry"],"_links":{"self":[{"href":"https:\/\/www.thrips-id.com\/de\/wp-json\/wp\/v2\/pages\/1365","targetHints":{"allow":["GET"]}}],"collection":[{"href":"https:\/\/www.thrips-id.com\/de\/wp-json\/wp\/v2\/pages"}],"about":[{"href":"https:\/\/www.thrips-id.com\/de\/wp-json\/wp\/v2\/types\/page"}],"author":[{"embeddable":true,"href":"https:\/\/www.thrips-id.com\/de\/wp-json\/wp\/v2\/users\/3"}],"replies":[{"embeddable":true,"href":"https:\/\/www.thrips-id.com\/de\/wp-json\/wp\/v2\/comments?post=1365"}],"version-history":[{"count":70,"href":"https:\/\/www.thrips-id.com\/de\/wp-json\/wp\/v2\/pages\/1365\/revisions"}],"predecessor-version":[{"id":8381,"href":"https:\/\/www.thrips-id.com\/de\/wp-json\/wp\/v2\/pages\/1365\/revisions\/8381"}],"wp:attachment":[{"href":"https:\/\/www.thrips-id.com\/de\/wp-json\/wp\/v2\/media?parent=1365"}],"curies":[{"name":"wp","href":"https:\/\/api.w.org\/{rel}","templated":true}]}}