{"id":2370,"date":"2017-01-30T12:59:33","date_gmt":"2017-01-30T11:59:33","guid":{"rendered":"http:\/\/www.thrips-id.com\/de\/?page_id=2370"},"modified":"2026-01-08T06:53:49","modified_gmt":"2026-01-08T05:53:49","slug":"symbole-laenderkennzeichen","status":"publish","type":"page","link":"https:\/\/www.thrips-id.com\/de\/symbole-laenderkennzeichen\/","title":{"rendered":"Symbole &#038; L\u00e4nderkennzeichen"},"content":{"rendered":"<div class=\"wpb-content-wrapper\"><p>[vc_row][vc_column][vc_column_text]<span style=\"color: #000000;\"><strong>Informationen zu den Symbolen &amp; L\u00e4nderkennzeichen<\/strong><\/span>[\/vc_column_text][\/vc_column][\/vc_row][vc_row][vc_column][vc_raw_html css=&#8220;.vc_custom_1486153916872{padding-top: 0px !important;padding-bottom: 0px !important;}&#8220;]JTNDcCUyMGFsaWduJTNEJTIycmlnaHQlMjIlM0UlMEElM0NhJTIwaHJlZiUzRCUyMmphdmFzY3JpcHQlM0FoaXN0b3J5LmJhY2slMjglMjklMjIlMkZhJTNFJTBBJTIwJTIwJTIwJTIwJTNDaW1nJTIwc3JjJTNEJTIyJTJGZGUlMkZ3cC1jb250ZW50JTJGdXBsb2FkcyUyRnNpdGVzJTJGMiUyRjIwMTclMkYwMiUyRkJhY2tfcHJldmlvdXMuc3ZnJTIyJTBBJTIwJTIwJTIwJTIwJTIwJTIwJTIwb25tb3VzZW92ZXIlM0QlMjJ0aGlzLnNyYyUzRCUyNyUyRmRlJTJGd3AtY29udGVudCUyRnVwbG9hZHMlMkZzaXRlcyUyRjIlMkYyMDE3JTJGMDIlMkZCYWNrX3ByZXZpb3VzX2hvdmVyLnN2ZyUyNyUzQiUyMiUwQSUyMCUyMCUyMCUyMCUyMCUyMCUyMG9ubW91c2VvdXQlM0QlMjJ0aGlzLnNyYyUzRCUyNyUyRmRlJTJGd3AtY29udGVudCUyRnVwbG9hZHMlMkZzaXRlcyUyRjIlMkYyMDE3JTJGMDIlMkZCYWNrX3ByZXZpb3VzLnN2ZyUyNyUzQiUyMiUzRSUwQSUyMCUyMCUyMCUyMCUzQyUyRmltZyUzRSUyMCUwQSUzQyUyRmElM0UlM0MlMkZwJTNFJTBB[\/vc_raw_html][\/vc_column][\/vc_row][vc_row equal_height=&#8220;yes&#8220;][vc_column width=&#8220;1\/2&#8243;][vc_column_text css=&#8220;&#8220;]<strong>Symbole &amp; Abk\u00fcrzungen<\/strong><\/p>\n<p><span style=\"color: #000000;\">\u2642<\/span>: M\u00e4nnchen<br \/>\n<span style=\"color: #000000;\">\u2640<\/span>: Weibchen<\/p>\n<p><span style=\"color: #000000;\">O<\/span>: Ei<br \/>\n<span style=\"color: #000000;\">LI<\/span>: Prim\u00e4rlarve<br \/>\n<span style=\"color: #000000;\">LII<\/span>: Sekund\u00e4rlarve<br \/>\n<span style=\"color: #000000;\">PN<\/span>: Pronymphe<br \/>\n<span style=\"color: #000000;\">N<\/span>: Nymphe<\/p>\n<p><span style=\"color: #000000;\">a<\/span>:\u00a0<em>forma aptera<\/em>\u00a0(fl\u00fcgellose Form)<br \/>\n<span style=\"color: #000000;\">b<\/span>:\u00a0<em>forma brachyptera<\/em>\u00a0(stummelfl\u00fcglige Form)<br \/>\n<span style=\"color: #000000;\">pb<\/span>:\u00a0<em>forma pseudobrachyptera<\/em>\u00a0(Fl\u00fcgel abgebrochen)<br \/>\n<span style=\"color: #000000;\">hm<\/span>: <em>forma hemimacroptera<\/em> (Form mit halblangen Fl\u00fcgeln)<br \/>\n<span style=\"color: #000000;\">m<\/span>:\u00a0<em>forma macroptera<\/em>\u00a0(Form mit vollentwickelten Fl\u00fcgeln)[\/vc_column_text][\/vc_column][vc_column width=&#8220;1\/2&#8243;][vc_column_text css=&#8220;&#8220;]<span style=\"color: #000000;\">(?)<\/span>: Bestimmung unsicher<\/p>\n<p><span style=\"color: #ff0000;\">*<\/span>\u00a0: Typus vorhanden<br \/>\n<span style=\"color: #000000;\">*<\/span> : Paratypus vorhanden<\/p>\n<p><strong>\u2020<\/strong>: fossile Art<\/p>\n<p><span style=\"color: #000000;\">fossil BA<\/span>: Baltischer Bernstein (Eoz\u00e4n)<br \/>\n<span style=\"color: #000000;\">fossil BuA<\/span>: Burmesischer Bernstein, Burmit (Kreide, Cenomanium)<br \/>\n<span style=\"color: #000000;\">fossil CCp<\/span>: Kolumbianischer Kopal (Alter ungewiss: Terti\u00e4r,\u00a0Plioz\u00e4n\u00a0bis\u00a0Quart\u00e4r, Pleistoz\u00e4n oder Holoz\u00e4n, subfossil)<br \/>\n<span style=\"color: #000000;\">fossil DA<\/span>: Dominikanischer Bernstein (Unteres Mioz\u00e4n)<br \/>\n<span style=\"color: #000000;\">fossil EA<\/span>: \u00c4thiopischer Bernstein (Unteres Mioz\u00e4n)<br \/>\n<span style=\"color: #000000;\">fossil GRF<\/span>: Green-River-Formation, Colorado USA (Fr\u00fches bis mittleres Eoz\u00e4n)<br \/>\n<span style=\"color: #000000;\">fossil MCp<\/span>: Madagaskar-Kopal (Alter ungewiss: Terti\u00e4r, Plioz\u00e4n\u00a0bis\u00a0Quart\u00e4r, Pleistoz\u00e4n oder Holoz\u00e4n, subfossil)<br \/>\n<span style=\"color: #000000;\">fossil NCA<\/span>: North-Carolina-Bernstein (Kreide, Campanium)<br \/>\n<span style=\"color: #000000;\">fossil TA<\/span>: Tilin-Bernstein aus Myanmar (Kreide, Campanium)[\/vc_column_text][\/vc_column][\/vc_row][vc_row css=&#8220;.vc_custom_1485781864766{padding-top: 0px !important;padding-bottom: 0px !important;}&#8220;][vc_column css=&#8220;.vc_custom_1485781878633{padding-top: 0px !important;padding-bottom: 0px !important;}&#8220;][vc_separator css=&#8220;.vc_custom_1485783911251{margin-top: 0px !important;border-top-width: 0px !important;padding-top: 0px !important;padding-bottom: 0px !important;}&#8220;][\/vc_column][\/vc_row][vc_row equal_height=&#8220;yes&#8220;][vc_column width=&#8220;1\/4&#8243;][vc_column_text]<strong>L\u00e4nderkennzeichen (A &#8211; Z)<\/strong><\/p>\n<p><span style=\"color: #000000;\">A<\/span>: \u00d6sterreich<br \/>\n<span style=\"color: #000000;\">ALG<\/span>: Algerien<br \/>\n<span style=\"color: #000000;\">AUS(NOR)<\/span>: Norfolk Insel<br \/>\n<span style=\"color: #000000;\">AUS(NSW)<\/span>: Australien New South Wales<br \/>\n<span style=\"color: #000000;\">AUS(NT)<\/span>: Australien Northern Territory<br \/>\n<span style=\"color: #000000;\">AUS(QLD)<\/span>: Australien Queensland<br \/>\n<span style=\"color: #000000;\">AUS(SA)<\/span>: Australien South Australia<br \/>\n<span style=\"color: #000000;\">AUS(WA)<\/span>: Australien Western Australia<br \/>\n<span style=\"color: #000000;\">BG<\/span>: Bulgarien<br \/>\n<span style=\"color: #000000;\">BJ<\/span>: Benin<br \/>\n<span style=\"color: #000000;\">BLZ<\/span>: Belize<br \/>\n<span style=\"color: #000000;\">BR<\/span>: Brasilien<br \/>\n<span style=\"color: #000000;\">BW<\/span>: Botswana<br \/>\n<span style=\"color: #000000;\">CDN<\/span>: Kanada<br \/>\n<span style=\"color: #000000;\">CH<\/span>: Schweiz<br \/>\n<span style=\"color: #000000;\">CHN<\/span>: China<br \/>\n<span style=\"color: #000000;\">CL<\/span>: Chile<br \/>\n<span style=\"color: #000000;\">CR<\/span>: Costa Rica<br \/>\n<span style=\"color: #000000;\">CV<\/span>: Kap Verde[\/vc_column_text][\/vc_column][vc_column width=&#8220;1\/4&#8243;][vc_column_text css=&#8220;&#8220;]<span style=\"color: #000000;\">CY<\/span>: Zypern<br \/>\n<span style=\"color: #000000;\">CZ<\/span>: Tschechien<br \/>\n<span style=\"color: #000000;\">D<\/span>: Deutschland<br \/>\n<span style=\"color: #000000;\">E<\/span>: Spanien<br \/>\n<span style=\"color: #000000;\">E(CI)<\/span>: Kanarische Inseln<br \/>\n<span style=\"color: #000000;\">E(BI)<\/span>: Balearen<br \/>\n<span style=\"color: #000000;\">EAK<\/span>: Kenia<br \/>\n<span style=\"color: #000000;\">EAZ<\/span>: Sansibar<br \/>\n<span style=\"color: #000000;\">EGY<\/span>: \u00c4gypten<br \/>\n<span style=\"color: #000000;\">F<\/span>: Frankreich<br \/>\n<span style=\"color: #000000;\">F(COR)<\/span>: Korsika<br \/>\n<span style=\"color: #000000;\">FG<\/span>: Franz\u00f6sisch Guayana<br \/>\n<span style=\"color: #000000;\">FIN<\/span>: Finnland<br \/>\n<span style=\"color: #000000;\">FJI<\/span>: Fidschi<br \/>\n<span style=\"color: #000000;\">GB<\/span>: Gro\u00dfbritannien<br \/>\n<span style=\"color: #000000;\">GE<\/span>: Georgien<br \/>\n<span style=\"color: #000000;\">GG<\/span>: Guernsey<br \/>\n<span style=\"color: #000000;\">HR<\/span>: Kroatien<br \/>\n<span style=\"color: #000000;\">I<\/span>: Italien<br \/>\n<span style=\"color: #000000;\">I(SAR)<\/span>: Sardinien<br \/>\n<span style=\"color: #000000;\">I(SI)<\/span>: Sizilien<br \/>\n<span style=\"color: #000000;\">ID<\/span>: Indonesien<br \/>\n<span style=\"color: #000000;\">IND<\/span>: Indien<br \/>\n<span style=\"color: #000000;\">IR<\/span>: Iran[\/vc_column_text][\/vc_column][vc_column width=&#8220;1\/4&#8243;][vc_column_text css=&#8220;&#8220;]<span style=\"color: #000000;\">J<\/span>: Japan<br \/>\n<span style=\"color: #000000;\">L<\/span>: Luxemburg<br \/>\n<span style=\"color: #000000;\">LK<\/span>: Sri Lanka<br \/>\n<span style=\"color: #000000;\">LV<\/span>: Lettland<br \/>\n<span style=\"color: #000000;\">MAR<\/span>: Marokko<br \/>\n<span style=\"color: #000000;\">MEX<\/span>: Mexiko<br \/>\n<span style=\"color: #000000;\">MK<\/span>: Mazedonien<br \/>\n<span style=\"color: #000000;\">MS<\/span>: Mauritius<br \/>\n<span style=\"color: #000000;\">MYS<\/span>: Malaysia<br \/>\n<span style=\"color: #000000;\">N<\/span>: Norwegen<br \/>\n<span style=\"color: #000000;\">NAM<\/span>: Namibia<br \/>\n<span style=\"color: #000000;\">NEP<\/span>: Nepal<br \/>\n<span style=\"color: #000000;\">NL<\/span>: Niederlande<br \/>\n<span style=\"color: #000000;\">NZ<\/span>: Neuseeland<br \/>\n<span style=\"color: #000000;\">PE<\/span>: Peru<br \/>\n<span style=\"color: #000000;\">PHL<\/span>: Philippinen<br \/>\n<span style=\"color: #000000;\">PL<\/span>: Polen<br \/>\n<span style=\"color: #000000;\">PT<\/span>: Portugal<br \/>\n<span style=\"color: #000000;\">PT(AC)<\/span>: Azoren<br \/>\n<span style=\"color: #000000;\">PT(M)<\/span>: Madeira<br \/>\n<span style=\"color: #000000;\">RM<\/span>: Madagaskar<br \/>\n<span style=\"color: #000000;\">RO<\/span>: Rum\u00e4nien<br \/>\n<span style=\"color: #000000;\">RU(ES)<\/span>: Russland (Ost-Sibirien)<br \/>\n<span style=\"color: #000000;\">RU(FE)<\/span>: Russland (Ferner Osten)[\/vc_column_text][\/vc_column][vc_column width=&#8220;1\/4&#8243;][vc_column_text]<span style=\"color: #000000;\">RU(KO)<\/span>: Russland (Oblast Kaliningrad)<br \/>\n<span style=\"color: #000000;\">S<\/span>: Schweden<br \/>\n<span style=\"color: #000000;\">SAU<\/span>: Saudi Arabien<br \/>\n<span style=\"color: #000000;\">SY<\/span>: Seychellen<br \/>\n<span style=\"color: #000000;\">SZ<\/span>: Swasiland<br \/>\n<span style=\"color: #000000;\">T<\/span>: Thailand<br \/>\n<span style=\"color: #000000;\">TR<\/span>: T\u00fcrkei<br \/>\n<span style=\"color: #000000;\">TT<\/span>: Trinidad &amp; Tobago<br \/>\n<span style=\"color: #000000;\">TZ<\/span>: Tansania<br \/>\n<span style=\"color: #000000;\">UM(PA)<\/span>: Palmyra Atoll<br \/>\n<span style=\"color: #000000;\">USA(AK)<\/span>: USA Alaska<br \/>\n<span style=\"color: #000000;\">USA(AZ)<\/span>: USA Arizona<br \/>\n<span style=\"color: #000000;\">USA(CA)<\/span>: USA Californien<br \/>\n<span style=\"color: #000000;\">USA(FL)<\/span>: USA Florida<br \/>\n<span style=\"color: #000000;\">USA(HI)<\/span>: USA Hawaii<br \/>\n<span style=\"color: #000000;\">USA(MI)<\/span>: USA Mississippi<br \/>\n<span style=\"color: #000000;\">USA(NC)<\/span>: USA North Carolina<br \/>\n<span style=\"color: #000000;\">USA(TX)<\/span>: USA Texas<br \/>\n<span style=\"color: #000000;\">VN<\/span>: Vietnam<br \/>\n<span style=\"color: #000000;\">WD<\/span>: Dominica<br \/>\n<span style=\"color: #000000;\">YEM<\/span>: Jemen<br \/>\n<span style=\"color: #000000;\">ZA<\/span>: S\u00fcdafrika<br \/>\n<span style=\"color: #000000;\">Z<\/span>: Sambia[\/vc_column_text][\/vc_column][\/vc_row][vc_row][vc_column][vc_raw_html]JTNDcCUyMGFsaWduJTNEJTIycmlnaHQlMjIlM0UlMEElM0NhJTIwaHJlZiUzRCUyMmphdmFzY3JpcHQlM0FoaXN0b3J5LmJhY2slMjglMjklMjIlMkZhJTNFJTBBJTIwJTIwJTIwJTIwJTNDaW1nJTIwc3JjJTNEJTIyJTJGZGUlMkZ3cC1jb250ZW50JTJGdXBsb2FkcyUyRnNpdGVzJTJGMiUyRjIwMTclMkYwMiUyRkJhY2tfcHJldmlvdXMuc3ZnJTIyJTBBJTIwJTIwJTIwJTIwJTIwJTIwJTIwb25tb3VzZW92ZXIlM0QlMjJ0aGlzLnNyYyUzRCUyNyUyRmRlJTJGd3AtY29udGVudCUyRnVwbG9hZHMlMkZzaXRlcyUyRjIlMkYyMDE3JTJGMDIlMkZCYWNrX3ByZXZpb3VzX2hvdmVyLnN2ZyUyNyUzQiUyMiUwQSUyMCUyMCUyMCUyMCUyMCUyMCUyMG9ubW91c2VvdXQlM0QlMjJ0aGlzLnNyYyUzRCUyNyUyRmRlJTJGd3AtY29udGVudCUyRnVwbG9hZHMlMkZzaXRlcyUyRjIlMkYyMDE3JTJGMDIlMkZCYWNrX3ByZXZpb3VzLnN2ZyUyNyUzQiUyMiUzRSUwQSUyMCUyMCUyMCUyMCUzQyUyRmltZyUzRSUyMCUwQSUzQyUyRmElM0UlM0MlMkZwJTNFJTBB[\/vc_raw_html][\/vc_column][\/vc_row]<\/p>\n<\/div>","protected":false},"excerpt":{"rendered":"<p>[vc_row][vc_column][vc_column_text]Informationen zu den Symbolen &amp; L\u00e4nderkennzeichen[\/vc_column_text][\/vc_column][\/vc_row][vc_row][vc_column][vc_raw_html css=&#8220;.vc_custom_1486153916872{padding-top: 0px !important;padding-bottom: 0px !important;}&#8220;]JTNDcCUyMGFsaWduJTNEJTIycmlnaHQlMjIlM0UlMEElM0NhJTIwaHJlZiUzRCUyMmphdmFzY3JpcHQlM0FoaXN0b3J5LmJhY2slMjglMjklMjIlMkZhJTNFJTBBJTIwJTIwJTIwJTIwJTNDaW1nJTIwc3JjJTNEJTIyJTJGZGUlMkZ3cC1jb250ZW50JTJGdXBsb2FkcyUyRnNpdGVzJTJGMiUyRjIwMTclMkYwMiUyRkJhY2tfcHJldmlvdXMuc3ZnJTIyJTBBJTIwJTIwJTIwJTIwJTIwJTIwJTIwb25tb3VzZW92ZXIlM0QlMjJ0aGlzLnNyYyUzRCUyNyUyRmRlJTJGd3AtY29udGVudCUyRnVwbG9hZHMlMkZzaXRlcyUyRjIlMkYyMDE3JTJGMDIlMkZCYWNrX3ByZXZpb3VzX2hvdmVyLnN2ZyUyNyUzQiUyMiUwQSUyMCUyMCUyMCUyMCUyMCUyMCUyMG9ubW91c2VvdXQlM0QlMjJ0aGlzLnNyYyUzRCUyNyUyRmRlJTJGd3AtY29udGVudCUyRnVwbG9hZHMlMkZzaXRlcyUyRjIlMkYyMDE3JTJGMDIlMkZCYWNrX3ByZXZpb3VzLnN2ZyUyNyUzQiUyMiUzRSUwQSUyMCUyMCUyMCUyMCUzQyUyRmltZyUzRSUyMCUwQSUzQyUyRmElM0UlM0MlMkZwJTNFJTBB[\/vc_raw_html][\/vc_column][\/vc_row][vc_row equal_height=&#8220;yes&#8220;][vc_column width=&#8220;1\/2&#8243;][vc_column_text css=&#8220;&#8220;]Symbole &amp; Abk\u00fcrzungen \u2642: M\u00e4nnchen \u2640: Weibchen O: Ei LI: Prim\u00e4rlarve LII: Sekund\u00e4rlarve PN: Pronymphe N: Nymphe a:\u00a0forma aptera\u00a0(fl\u00fcgellose Form) b:\u00a0forma brachyptera\u00a0(stummelfl\u00fcglige Form) pb:\u00a0forma pseudobrachyptera\u00a0(Fl\u00fcgel abgebrochen) hm: forma hemimacroptera (Form mit halblangen Fl\u00fcgeln) m:\u00a0forma macroptera\u00a0(Form mit vollentwickelten Fl\u00fcgeln)[\/vc_column_text][\/vc_column][vc_column width=&#8220;1\/2&#8243;][vc_column_text css=&#8220;&#8220;](?): Bestimmung unsicher&#8230;<\/p>\n","protected":false},"author":3,"featured_media":0,"parent":0,"menu_order":0,"comment_status":"closed","ping_status":"closed","template":"","meta":{"footnotes":""},"class_list":["post-2370","page","type-page","status-publish","hentry"],"_links":{"self":[{"href":"https:\/\/www.thrips-id.com\/de\/wp-json\/wp\/v2\/pages\/2370","targetHints":{"allow":["GET"]}}],"collection":[{"href":"https:\/\/www.thrips-id.com\/de\/wp-json\/wp\/v2\/pages"}],"about":[{"href":"https:\/\/www.thrips-id.com\/de\/wp-json\/wp\/v2\/types\/page"}],"author":[{"embeddable":true,"href":"https:\/\/www.thrips-id.com\/de\/wp-json\/wp\/v2\/users\/3"}],"replies":[{"embeddable":true,"href":"https:\/\/www.thrips-id.com\/de\/wp-json\/wp\/v2\/comments?post=2370"}],"version-history":[{"count":59,"href":"https:\/\/www.thrips-id.com\/de\/wp-json\/wp\/v2\/pages\/2370\/revisions"}],"predecessor-version":[{"id":8519,"href":"https:\/\/www.thrips-id.com\/de\/wp-json\/wp\/v2\/pages\/2370\/revisions\/8519"}],"wp:attachment":[{"href":"https:\/\/www.thrips-id.com\/de\/wp-json\/wp\/v2\/media?parent=2370"}],"curies":[{"name":"wp","href":"https:\/\/api.w.org\/{rel}","templated":true}]}}