{"id":2393,"date":"2017-01-30T15:40:38","date_gmt":"2017-01-30T14:40:38","guid":{"rendered":"http:\/\/www.thrips-id.com\/de\/?page_id=2393"},"modified":"2024-02-02T17:08:52","modified_gmt":"2024-02-02T16:08:52","slug":"exkursionen","status":"publish","type":"page","link":"https:\/\/www.thrips-id.com\/de\/foto-video\/exkursionen\/","title":{"rendered":"Exkursionen"},"content":{"rendered":"<div class=\"wpb-content-wrapper\"><p>[vc_row][vc_column][vc_column_text css=&#8220;.vc_custom_1485989319118{margin-bottom: 0px !important;border-bottom-width: 0px !important;padding-bottom: 0px !important;}&#8220;]<span style=\"color: #000000;\"><strong>Exkursionen nach Franz\u00f6sisch-Guayana<\/strong><\/span><\/p>\n<p>Auf dieser Seite finden Sie &#8211; in Form einer bunten Foto-Pinnwand &#8211; einige Eindr\u00fccke meiner Exkursionen in die Tieflandregenw\u00e4lder Franz\u00f6sisch-Guayanas.<\/p>\n<p><strong>Les Nouragues (Franz\u00f6sisch-Guayana) &#8211; 1. Exkursion (1998)<\/strong>[\/vc_column_text][\/vc_column][\/vc_row][vc_row][vc_column][vc_media_grid element_width=&#8220;3&#8243; item=&#8220;mediaGrid_SlideInTitle&#8220; initial_loading_animation=&#8220;bounceIn&#8220; grid_id=&#8220;vc_gid:1706890128405-114971f962475a1a1436660d5e801820-8&#8243; include=&#8220;2396,2398,2400,2402,2403,2405,2407,2408,2481,2410,2411,2413,2420,2480,2422,2423,2425,2427,2428,2430,2431,2433,2482,2492&#8243; css=&#8220;.vc_custom_1485858665596{margin-top: 5px !important;border-top-width: 0px !important;padding-top: 0px !important;}&#8220;][\/vc_column][\/vc_row][vc_row][vc_column][vc_separator css=&#8220;.vc_custom_1485805507197{padding-top: 0px !important;padding-bottom: 0px !important;}&#8220;][\/vc_column][\/vc_row][vc_row][vc_column][vc_column_text css=&#8220;.vc_custom_1485895781058{margin-bottom: 0px !important;border-bottom-width: 0px !important;padding-bottom: 0px !important;}&#8220;]<strong>Saut Parar\u00e9 (Franz\u00f6sisch-Guayana) &#8211; Abenteuer Regenzeit (1999)<\/strong>[\/vc_column_text][vc_media_grid element_width=&#8220;3&#8243; item=&#8220;mediaGrid_SlideInTitle&#8220; initial_loading_animation=&#8220;bounceIn&#8220; grid_id=&#8220;vc_gid:1706890128554-bcc2c65eeb1ac914c9d217f73d42335f-10&#8243; include=&#8220;2439,2447,2451,2440,2442,2444,2445,2448,2449,2452,2454,2456&#8243; css=&#8220;.vc_custom_1485812674565{margin-top: 5px !important;border-top-width: 0px !important;padding-top: 0px !important;}&#8220;][\/vc_column][\/vc_row][vc_row][vc_column][vc_separator css=&#8220;.vc_custom_1485813378638{padding-top: 0px !important;padding-bottom: 0px !important;}&#8220;][\/vc_column][\/vc_row][vc_row][vc_column][vc_column_text css=&#8220;.vc_custom_1485895798589{margin-bottom: 0px !important;border-bottom-width: 0px !important;padding-bottom: 0px !important;}&#8220;]<strong>Les Nouragues (Franz\u00f6sisch-Guayana) &#8211; 2. Exkursion (1999)<\/strong>[\/vc_column_text][vc_media_grid element_width=&#8220;3&#8243; item=&#8220;mediaGrid_SlideInTitle&#8220; initial_loading_animation=&#8220;bounceIn&#8220; grid_id=&#8220;vc_gid:1706890128724-f49dad822612903dae2868ae6f8c226a-1&#8243; include=&#8220;2461,2463,2465,2467,2505,2470,2472,2474,2476,2494,2495,2499,2497,2507,2500,2501,2503,2509,2511,2510&#8243; css=&#8220;.vc_custom_1485862430272{margin-top: 5px !important;border-top-width: 0px !important;padding-top: 0px !important;}&#8220;][\/vc_column][\/vc_row][vc_row][vc_column][vc_separator css=&#8220;.vc_custom_1485863413238{padding-top: 0px !important;padding-bottom: 0px !important;}&#8220;][\/vc_column][\/vc_row][vc_row][vc_column][vc_column_text css=&#8220;.vc_custom_1485989228461{margin-bottom: 0px !important;border-bottom-width: 0px !important;padding-top: 0px !important;padding-bottom: 0px !important;}&#8220;]<strong>Unter Amazonas-Indianern vom Stamm der Wayana (Franz\u00f6sisch-Guayana, 2002)<\/strong>[\/vc_column_text][vc_media_grid element_width=&#8220;3&#8243; item=&#8220;mediaGrid_SlideInTitle&#8220; initial_loading_animation=&#8220;bounceIn&#8220; grid_id=&#8220;vc_gid:1706890128914-14387d959d6bd3350b588b860c8b9802-2&#8243; include=&#8220;2514,2516,2517,2519,2521,2523,2525,2527,2529,2531,2533,2535,2537,2539,2540,2541&#8243; css=&#8220;.vc_custom_1485890837081{margin-top: 5px !important;border-top-width: 0px !important;padding-top: 0px !important;}&#8220;][\/vc_column][\/vc_row]<\/p>\n<\/div>","protected":false},"excerpt":{"rendered":"<p>[vc_row][vc_column][vc_column_text css=&#8220;.vc_custom_1485989319118{margin-bottom: 0px !important;border-bottom-width: 0px !important;padding-bottom: 0px !important;}&#8220;]Exkursionen nach Franz\u00f6sisch-Guayana Auf dieser Seite finden Sie &#8211; in Form einer bunten Foto-Pinnwand &#8211; einige Eindr\u00fccke meiner Exkursionen in die Tieflandregenw\u00e4lder Franz\u00f6sisch-Guayanas. Les Nouragues (Franz\u00f6sisch-Guayana) &#8211; 1. Exkursion (1998)[\/vc_column_text][\/vc_column][\/vc_row][vc_row][vc_column][vc_media_grid element_width=&#8220;3&#8243; item=&#8220;mediaGrid_SlideInTitle&#8220; initial_loading_animation=&#8220;bounceIn&#8220; grid_id=&#8220;vc_gid:1706890128405-114971f962475a1a1436660d5e801820-8&#8243; include=&#8220;2396,2398,2400,2402,2403,2405,2407,2408,2481,2410,2411,2413,2420,2480,2422,2423,2425,2427,2428,2430,2431,2433,2482,2492&#8243; css=&#8220;.vc_custom_1485858665596{margin-top: 5px !important;border-top-width: 0px !important;padding-top: 0px !important;}&#8220;][\/vc_column][\/vc_row][vc_row][vc_column][vc_separator css=&#8220;.vc_custom_1485805507197{padding-top: 0px !important;padding-bottom: 0px !important;}&#8220;][\/vc_column][\/vc_row][vc_row][vc_column][vc_column_text css=&#8220;.vc_custom_1485895781058{margin-bottom:&#8230;<\/p>\n","protected":false},"author":3,"featured_media":0,"parent":31,"menu_order":0,"comment_status":"closed","ping_status":"closed","template":"","meta":{"footnotes":""},"class_list":["post-2393","page","type-page","status-publish","hentry"],"_links":{"self":[{"href":"https:\/\/www.thrips-id.com\/de\/wp-json\/wp\/v2\/pages\/2393","targetHints":{"allow":["GET"]}}],"collection":[{"href":"https:\/\/www.thrips-id.com\/de\/wp-json\/wp\/v2\/pages"}],"about":[{"href":"https:\/\/www.thrips-id.com\/de\/wp-json\/wp\/v2\/types\/page"}],"author":[{"embeddable":true,"href":"https:\/\/www.thrips-id.com\/de\/wp-json\/wp\/v2\/users\/3"}],"replies":[{"embeddable":true,"href":"https:\/\/www.thrips-id.com\/de\/wp-json\/wp\/v2\/comments?post=2393"}],"version-history":[{"count":76,"href":"https:\/\/www.thrips-id.com\/de\/wp-json\/wp\/v2\/pages\/2393\/revisions"}],"predecessor-version":[{"id":6543,"href":"https:\/\/www.thrips-id.com\/de\/wp-json\/wp\/v2\/pages\/2393\/revisions\/6543"}],"up":[{"embeddable":true,"href":"https:\/\/www.thrips-id.com\/de\/wp-json\/wp\/v2\/pages\/31"}],"wp:attachment":[{"href":"https:\/\/www.thrips-id.com\/de\/wp-json\/wp\/v2\/media?parent=2393"}],"curies":[{"name":"wp","href":"https:\/\/api.w.org\/{rel}","templated":true}]}}