{"id":33,"date":"2016-12-23T13:29:40","date_gmt":"2016-12-23T12:29:40","guid":{"rendered":"http:\/\/www.thrips-id.com\/?page_id=33"},"modified":"2026-01-22T08:51:22","modified_gmt":"2026-01-22T07:51:22","slug":"sammlung","status":"publish","type":"page","link":"https:\/\/www.thrips-id.com\/de\/sammlung\/","title":{"rendered":"Sammlung"},"content":{"rendered":"<div class=\"wpb-content-wrapper\"><p>[vc_row][vc_column][vc_column_text css=&#8220;&#8220;]<span style=\"color: #000000;\"><strong>\u00bbThysanoptera Collection Ulitzka\u00ab&nbsp;&nbsp;<\/strong><\/span><\/p>\n<p>Meine Sammlung umfasst ca. 600 rezente Arten aus nahezu 200 Gattungen sowie 60 fossile Taxa. Die rezenten Tiere stammen gr\u00f6\u00dftenteils aus Europa und S\u00fcdamerika. Einige Spezies sind aus verschiedenen asiatischen L\u00e4ndern, den USA, aus Neuseeland, Australien und wenige aus dem s\u00fcd\u00f6stlichen Teil Afrikas. Die Sammlung wird st\u00e4ndig erg\u00e4nzt und erweitert.<\/p>\n<p style=\"text-align: center;\">&nbsp;<em><strong><span class=\"style191\"><a href=\"mailto: info@thysanoptera.de?subject=Austausch%20von%20Thysanopteren-Arten\"><span class=\"style63\">An einem Austausch von Tiermaterial bin ich grunds\u00e4tzlich interessiert! <\/span><\/a><\/span><\/strong><\/em><\/p>\n<p>Imagines rezenter Arten&nbsp;sind einzeln auf Objekttr\u00e4gern in Kanada-Balsam eingebettet; Larven im Einschlussmedium nach <span style=\"font-variant: small-caps;\">Hoyer<\/span>. Die Pr\u00e4parate sind mit entsprechenden Fundortangaben oder weiteren Informationen (z.B. zu Pflanzen, auf denen die Tiere erfasst wurden) versehen.<\/p>\n<p>Fossilien (Bernsteininklusen) sind gr\u00f6\u00dftenteils in objekttr\u00e4gerf\u00f6rmige Kunstharzbl\u00f6cke eingegossen. In der fossilen Sammlung sind auch wenige Lophioneurida enthalten.<\/p>\n<p>&nbsp;<\/p>\n<p style=\"text-align: center;\"><img loading=\"lazy\" decoding=\"async\" class=\"aligncenter wp-image-1329 size-full\" src=\"http:\/\/www.thrips-id.com\/de\/wp-content\/uploads\/sites\/2\/2016\/12\/Dinoobjekttraeger1.png\" width=\"350\" height=\"121\" srcset=\"https:\/\/www.thrips-id.com\/de\/wp-content\/uploads\/sites\/2\/2016\/12\/Dinoobjekttraeger1.png 350w, https:\/\/www.thrips-id.com\/de\/wp-content\/uploads\/sites\/2\/2016\/12\/Dinoobjekttraeger1-300x104.png 300w\" sizes=\"auto, (max-width: 350px) 100vw, 350px\" \/> <em>Dinothrips spinosus<\/em> aus Vietnam &#8211; Eine der gr\u00f6\u00dften Arten in meiner&nbsp;Sammlung<\/p>\n<p>&nbsp;<\/p>\n<p>Unter dem <strong><a href=\"\/de\/arten\/\">Gesamten Artenbestand<\/a><\/strong> k\u00f6nnen Sie sich einen \u00dcberblick \u00fcber die Thysanopterenarten machen, die in meiner Sammlung vorhanden sind, oder bestimmte Taxa suchen. \u00dcber 200 Spezies sind hier mit Fotos und weiteren Informationen verlinkt. Sollten Sie Informationen zu Arten suchen, die hier nicht detailliert gelistet sind, so finden Sie diese auf <a href=\"https:\/\/thrips.info\/wiki\/Main_Page\" target=\"_blank\" rel=\"noopener\">ThripsWiki<\/a>.<\/p>\n<p>Zu meiner Sammlung geh\u00f6rt auch eine sehr umfangreiche Bibliothek wissenschaftlicher Literatur rund um das Thema Thripse. Diese enth\u00e4lt nahezu 2.000 digitalisierte Arbeiten, wie auch zahlreiche \u00e4ltere Werke in Papierform. Sollten Sie ein bestimmtes Paper suchen, d\u00fcrfen Sie gerne auf mich zukommen.<\/p>\n<p>&nbsp;<\/p>\n<blockquote>\n<p style=\"text-align: left;\">Do not just collect those insects; watch them, and discover something about how they live! (<span style=\"font-variant: small-caps;\">Orwain W. Richards<\/span>)<\/p>\n<\/blockquote>\n<p>[\/vc_column_text][\/vc_column][\/vc_row]<\/p>\n<\/div>","protected":false},"excerpt":{"rendered":"<p>[vc_row][vc_column][vc_column_text css=&#8220;&#8220;]\u00bbThysanoptera Collection Ulitzka\u00ab&nbsp;&nbsp; Meine Sammlung umfasst ca. 600 rezente Arten aus nahezu 200 Gattungen sowie 60 fossile Taxa. Die rezenten Tiere stammen gr\u00f6\u00dftenteils aus Europa und S\u00fcdamerika. Einige Spezies sind aus verschiedenen asiatischen L\u00e4ndern, den USA, aus Neuseeland, Australien und wenige aus dem s\u00fcd\u00f6stlichen Teil Afrikas. Die Sammlung wird st\u00e4ndig erg\u00e4nzt und erweitert. &nbsp;An&#8230;<\/p>\n","protected":false},"author":1,"featured_media":0,"parent":0,"menu_order":0,"comment_status":"closed","ping_status":"closed","template":"","meta":{"footnotes":""},"class_list":["post-33","page","type-page","status-publish","hentry"],"_links":{"self":[{"href":"https:\/\/www.thrips-id.com\/de\/wp-json\/wp\/v2\/pages\/33","targetHints":{"allow":["GET"]}}],"collection":[{"href":"https:\/\/www.thrips-id.com\/de\/wp-json\/wp\/v2\/pages"}],"about":[{"href":"https:\/\/www.thrips-id.com\/de\/wp-json\/wp\/v2\/types\/page"}],"author":[{"embeddable":true,"href":"https:\/\/www.thrips-id.com\/de\/wp-json\/wp\/v2\/users\/1"}],"replies":[{"embeddable":true,"href":"https:\/\/www.thrips-id.com\/de\/wp-json\/wp\/v2\/comments?post=33"}],"version-history":[{"count":24,"href":"https:\/\/www.thrips-id.com\/de\/wp-json\/wp\/v2\/pages\/33\/revisions"}],"predecessor-version":[{"id":8542,"href":"https:\/\/www.thrips-id.com\/de\/wp-json\/wp\/v2\/pages\/33\/revisions\/8542"}],"wp:attachment":[{"href":"https:\/\/www.thrips-id.com\/de\/wp-json\/wp\/v2\/media?parent=33"}],"curies":[{"name":"wp","href":"https:\/\/api.w.org\/{rel}","templated":true}]}}