{"id":35,"date":"2016-12-23T13:29:49","date_gmt":"2016-12-23T12:29:49","guid":{"rendered":"http:\/\/www.thrips-id.com\/?page_id=35"},"modified":"2025-10-30T12:27:05","modified_gmt":"2025-10-30T11:27:05","slug":"ueber-mich","status":"publish","type":"page","link":"https:\/\/www.thrips-id.com\/de\/ueber-mich\/","title":{"rendered":"\u00dcber mich"},"content":{"rendered":"<div class=\"wpb-content-wrapper\"><p>[vc_row][vc_column width=&#8220;2\/3&#8243;][vc_column_text css=&#8220;.vc_custom_1761823447949{border-bottom-width: 0px !important;padding-bottom: 0px !important;}&#8220;]<span style=\"color: #000000;\"><strong>\u00dcber mich &#8230;<\/strong><\/span><\/p>\n<p><strong>1991-1997&nbsp;<\/strong><strong>Biologiestudium an der Universit\u00e4t Ulm.&nbsp;<\/strong><br \/>\n<em>Schwerpunktf\u00e4cher:<\/em> Allgemeine Zoologie und Botanik, Entomologie, Terrestrische \u00d6kologie und Tropen\u00f6kologie.<\/p>\n<p><strong>1997 Abschluss mit dem Diplom.&nbsp;<\/strong><br \/>\n<em>F\u00e4cher:<\/em> Allgemeine Zoologie, Allgemeine Botanik, \u00d6kologie und Chemie.<br \/>\n<em>Titel der Diplomarbeit:<\/em> Fransenfl\u00fcglergesellschaften von W\u00e4ldern und Streuobstwiesen in S\u00fcddeutschland (Insecta, Thysanoptera).<\/p>\n<p><strong>1999 Promotion an der Universit\u00e4t Ulm.<\/strong><br \/>\n<em>Titel der Dissertation:<\/em> Fransenfl\u00fcglergesellschaften von W\u00e4ldern in Deutschland (Insecta, Thysanoptera).[\/vc_column_text][vc_separator css=&#8220;.vc_custom_1761823480557{margin-top: 0px !important;margin-bottom: 0px !important;border-top-width: 0px !important;border-bottom-width: 0px !important;padding-top: 0px !important;padding-bottom: 10px !important;}&#8220;][vc_column_text css=&#8220;.vc_custom_1761823539776{margin-top: 10px !important;border-top-width: 10px !important;padding-top: 10px !important;}&#8220;]Seit vielen Jahren besch\u00e4ftige ich mich mit den winzigen Vertretern der Insektenordnung Thysanoptera. Aus meiner Begeisterung f\u00fcr diese Tiere resultieren zahlreiche Projekte in Europa und im tropischen S\u00fcdamerika, sowie die inzwischen wohl gr\u00f6\u00dfte private Belegsammlung rezenter und fossiler Arten.<\/p>\n<p>Leider bietet die heutige Forschungsstruktur kaum mehr Platz f\u00fcr Themen aus der klassischen Biologie. So gelang es mir nicht die Thysanoptera zu einem dauerhaften Hauptberuf zu machen.<\/p>\n<p>2006 holte ich aus diesem Grund eine p\u00e4dagogische Ausbildung nach und arbeite seitdem \u2013 ebenfalls begeistert \u2013 als Oberstufenlehrer f\u00fcr die F\u00e4cher Biologie und Chemie.<\/p>\n<p>Mit Engagement versuche ich auf die kleinen Dinge aufmerksam zu machen, die aber f\u00fcr den Gesamtzusammenhang unentbehrlich sind. Kleine Dinge, wie Thysanopteren.<\/p>\n<p>&nbsp;<\/p>\n<blockquote>\n<p><em>Natura maxime miranda in minimis<\/em><\/p>\n<\/blockquote>\n<p style=\"text-align: center;\"><em>In den kleinsten Dingen zeigt die Natur die allergr\u00f6\u00dften Wunder<\/em> <span style=\"font-variant: small-caps;\">(Carl von Linn\u00e9)<\/span><\/p>\n<p>&nbsp;<\/p>\n<p><em><strong>Vielen Dank f\u00fcr Ihr Interesse an diesen Seiten!<\/strong><\/em>[\/vc_column_text][\/vc_column][vc_column width=&#8220;1\/3&#8243; css=&#8220;.vc_custom_1761823620186{padding-top: 14px !important;}&#8220;][vc_column_text]<img loading=\"lazy\" decoding=\"async\" class=\"wp-image-723 size-full alignnone\" src=\"http:\/\/www.thrips-id.com\/de\/wp-content\/uploads\/sites\/2\/2016\/12\/Ulitzka-Baumkrone.jpg\" width=\"300\" height=\"407\" srcset=\"https:\/\/www.thrips-id.com\/de\/wp-content\/uploads\/sites\/2\/2016\/12\/Ulitzka-Baumkrone.jpg 300w, https:\/\/www.thrips-id.com\/de\/wp-content\/uploads\/sites\/2\/2016\/12\/Ulitzka-Baumkrone-221x300.jpg 221w\" sizes=\"auto, (max-width: 300px) 100vw, 300px\" \/><br \/>\nDatenerfassung in den Baumkronen (Franz\u00f6sisch-Guayana, 1998)<\/p>\n<div id=\"attachment_724\" style=\"width: 310px\" class=\"wp-caption alignnone\"><img loading=\"lazy\" decoding=\"async\" aria-describedby=\"caption-attachment-724\" class=\"wp-image-724 size-full\" src=\"http:\/\/www.thrips-id.com\/de\/wp-content\/uploads\/sites\/2\/2016\/12\/Ulitzka-Klopfnetz.jpg\" width=\"300\" height=\"452\" srcset=\"https:\/\/www.thrips-id.com\/de\/wp-content\/uploads\/sites\/2\/2016\/12\/Ulitzka-Klopfnetz.jpg 300w, https:\/\/www.thrips-id.com\/de\/wp-content\/uploads\/sites\/2\/2016\/12\/Ulitzka-Klopfnetz-199x300.jpg 199w\" sizes=\"auto, (max-width: 300px) 100vw, 300px\" \/><p id=\"caption-attachment-724\" class=\"wp-caption-text\">Probennahme mit dem Klopfnetz<\/p><\/div>\n<p>&nbsp;<\/p>\n<p><img loading=\"lazy\" decoding=\"async\" class=\"size-medium wp-image-718\" src=\"http:\/\/www.thrips-id.com\/de\/wp-content\/uploads\/sites\/2\/2016\/12\/Ulitzka-am-Arbeitsplatz-300x199.jpg\" alt=\"\" width=\"300\" height=\"199\" srcset=\"https:\/\/www.thrips-id.com\/de\/wp-content\/uploads\/sites\/2\/2016\/12\/Ulitzka-am-Arbeitsplatz-300x199.jpg 300w, https:\/\/www.thrips-id.com\/de\/wp-content\/uploads\/sites\/2\/2016\/12\/Ulitzka-am-Arbeitsplatz.jpg 391w\" sizes=\"auto, (max-width: 300px) 100vw, 300px\" \/><br \/>\nIm alten Labor (2014)[\/vc_column_text][\/vc_column][\/vc_row][vc_row][vc_column][vc_separator css=&#8220;.vc_custom_1713638025347{margin-top: -40px !important;margin-bottom: 0px !important;border-top-width: -20px !important;border-bottom-width: 0px !important;padding-top: -20px !important;padding-bottom: -15px !important;}&#8220;][vc_column_text css=&#8220;.vc_custom_1713638088001{margin-bottom: 0px !important;border-bottom-width: 0px !important;padding-bottom: -15px !important;}&#8220;]<strong>Eindr\u00fccke aus dem neuen Labor:<\/strong>[\/vc_column_text][vc_media_grid element_width=&#8220;3&#8243; item=&#8220;mediaGrid_ScaleInWithIcon&#8220; css=&#8220;.vc_custom_1713638130748{padding-top: 5px !important;}&#8220; grid_id=&#8220;vc_gid:1761823573382-e22ae63af9f7cf883dc5243ec338e1fe-10&#8243; include=&#8220;7248,7247,7246,7245&#8243;][\/vc_column][\/vc_row]<\/p>\n<\/div>","protected":false},"excerpt":{"rendered":"<p>[vc_row][vc_column width=&#8220;2\/3&#8243;][vc_column_text css=&#8220;.vc_custom_1761823447949{border-bottom-width: 0px !important;padding-bottom: 0px !important;}&#8220;]\u00dcber mich &#8230; 1991-1997&nbsp;Biologiestudium an der Universit\u00e4t Ulm.&nbsp; Schwerpunktf\u00e4cher: Allgemeine Zoologie und Botanik, Entomologie, Terrestrische \u00d6kologie und Tropen\u00f6kologie. 1997 Abschluss mit dem Diplom.&nbsp; F\u00e4cher: Allgemeine Zoologie, Allgemeine Botanik, \u00d6kologie und Chemie. Titel der Diplomarbeit: Fransenfl\u00fcglergesellschaften von W\u00e4ldern und Streuobstwiesen in S\u00fcddeutschland (Insecta, Thysanoptera). 1999 Promotion an der Universit\u00e4t Ulm&#8230;.<\/p>\n","protected":false},"author":1,"featured_media":0,"parent":0,"menu_order":0,"comment_status":"closed","ping_status":"closed","template":"","meta":{"footnotes":""},"class_list":["post-35","page","type-page","status-publish","hentry"],"_links":{"self":[{"href":"https:\/\/www.thrips-id.com\/de\/wp-json\/wp\/v2\/pages\/35","targetHints":{"allow":["GET"]}}],"collection":[{"href":"https:\/\/www.thrips-id.com\/de\/wp-json\/wp\/v2\/pages"}],"about":[{"href":"https:\/\/www.thrips-id.com\/de\/wp-json\/wp\/v2\/types\/page"}],"author":[{"embeddable":true,"href":"https:\/\/www.thrips-id.com\/de\/wp-json\/wp\/v2\/users\/1"}],"replies":[{"embeddable":true,"href":"https:\/\/www.thrips-id.com\/de\/wp-json\/wp\/v2\/comments?post=35"}],"version-history":[{"count":30,"href":"https:\/\/www.thrips-id.com\/de\/wp-json\/wp\/v2\/pages\/35\/revisions"}],"predecessor-version":[{"id":8418,"href":"https:\/\/www.thrips-id.com\/de\/wp-json\/wp\/v2\/pages\/35\/revisions\/8418"}],"wp:attachment":[{"href":"https:\/\/www.thrips-id.com\/de\/wp-json\/wp\/v2\/media?parent=35"}],"curies":[{"name":"wp","href":"https:\/\/api.w.org\/{rel}","templated":true}]}}