{"id":521,"date":"2016-12-29T15:13:19","date_gmt":"2016-12-29T14:13:19","guid":{"rendered":"http:\/\/www.thrips-id.com\/de\/?page_id=521"},"modified":"2024-05-11T18:38:23","modified_gmt":"2024-05-11T16:38:23","slug":"flug","status":"publish","type":"page","link":"https:\/\/www.thrips-id.com\/de\/thripse\/flug\/","title":{"rendered":"Flug"},"content":{"rendered":"<div class=\"wpb-content-wrapper\"><p>[vc_row][vc_column][vc_column_text]<strong><span style=\"color: #000000;\">&#8230; wenn Luft z\u00e4h und klebrig wird<\/span><\/strong>[\/vc_column_text][vc_media_grid element_width=&#8220;2&#8243; item=&#8220;mediaGrid_ScaleInWithIcon&#8220; grid_id=&#8220;vc_gid:1715445003410-b567a03e050cbc554cafc9e46f529d41-2&#8243; include=&#8220;2808,557,550,554,551,548&#8243;][vc_column_text]Je kleiner Insekten sind, desto skurriler sind ihre\u00a0<strong>Fl\u00fcgel<\/strong>\u00a0gestaltet. Man kann dies mit st\u00f6mungsphysikalischen Gegebenheiten, die man als Reynolds-Abh\u00e4ngigkeit zusammenfasst, in Verbindung bringen. Der klassische Tragfl\u00fcgel der Insekten funktioniert danach nur bei gr\u00f6\u00dferen Formen, die sich rasch genug durch die Luft bewegen. Je kleiner die Tiere und je langsamer ihr Flug, desto ung\u00fcnstiger wird f\u00fcr sie die normale Aerodynamik. So nutzen auch Thysanopteren nicht ihre Eigengeschwindigkeit, um Auftrieb zu gewinnen, sondern die Viskosit\u00e4t der Luft. Die kleinsten Formen fliegen, als ob sie in z\u00e4hem Honig schwimmen w\u00fcrden. F\u00fcr eine derartige Fortbewegung sind Fransenfl\u00fcgel besonders gut geeignet. Auch die Fl\u00fcgelf\u00fchrung unterscheidet sich von der gr\u00f6\u00dferer Insekten: Sie erinnert eher an ein Flossenschlagen eines Fisches. Die hierf\u00fcr erforderliche Flexibilit\u00e4t der Fl\u00fcgel wird dabei durch eine nahezu vollst\u00e4ndige Reduktion der Fl\u00fcgeladern erreicht.<\/p>\n<div class=\"page\" title=\"Page 5\">\n<div class=\"layoutArea\">\n<div class=\"column\">\n<p>&nbsp;<\/p>\n<p>&nbsp;<\/p>\n<\/div>\n<\/div>\n<\/div>\n<p><img loading=\"lazy\" decoding=\"async\" class=\"aligncenter wp-image-538\" src=\"http:\/\/www.thrips-id.com\/de\/wp-content\/uploads\/sites\/2\/2016\/12\/Reynoldszahl-300x181.png\" width=\"700\" height=\"422\" srcset=\"https:\/\/www.thrips-id.com\/de\/wp-content\/uploads\/sites\/2\/2016\/12\/Reynoldszahl-300x181.png 300w, https:\/\/www.thrips-id.com\/de\/wp-content\/uploads\/sites\/2\/2016\/12\/Reynoldszahl-768x463.png 768w, https:\/\/www.thrips-id.com\/de\/wp-content\/uploads\/sites\/2\/2016\/12\/Reynoldszahl-1024x617.png 1024w, https:\/\/www.thrips-id.com\/de\/wp-content\/uploads\/sites\/2\/2016\/12\/Reynoldszahl.png 1350w\" sizes=\"auto, (max-width: 700px) 100vw, 700px\" \/><\/p>\n<p>Dass diese der Physik entnommenen \u00dcberlegungen tats\u00e4chlich relevant sind, untermauern die konvergenten Formbildungen der Fl\u00fcgel vieler kleiner und kleinster Insektenarten aus den unterschiedlichsten Ordnungen. So finden sich \u00bbFransenfl\u00fcgler\u00ab z.B. auch unter den K\u00e4fern (Coleoptera:\u00a0<a title=\"Wikipedia Ptiliidae\" href=\"http:\/\/de.wikipedia.org\/wiki\/Zwergk%C3%A4fer\" target=\"_blank\" rel=\"noopener\">Ptiliidae<\/a>,\u00a0<a title=\"Wikipedia Staphylinidae\" href=\"http:\/\/de.wikipedia.org\/wiki\/Kurzfl%C3%BCgler\" target=\"_blank\" rel=\"noopener\">Staphylinidae<\/a>), den Schmetterlingen (Lepidoptera:\u00a0<a title=\"Wikipedia Pterophoridae\" href=\"http:\/\/de.wikipedia.org\/wiki\/Federmotten\" target=\"_blank\" rel=\"noopener\">Pterophoridae<\/a>) oder den Hautfl\u00fcglern (Hymenoptera:\u00a0<a title=\"Wikipedia Mymaridae\" href=\"http:\/\/de.wikipedia.org\/wiki\/Zwergwespen\" target=\"_blank\" rel=\"noopener\">Mymaridae<\/a>).<\/p>\n<div id=\"attachment_7340\" style=\"width: 410px\" class=\"wp-caption alignright\"><img loading=\"lazy\" decoding=\"async\" aria-describedby=\"caption-attachment-7340\" class=\"wp-image-7340\" src=\"http:\/\/www.thrips-id.com\/de\/wp-content\/uploads\/sites\/2\/2024\/05\/Clapand-Fling-300x197.png\" alt=\"\" width=\"400\" height=\"263\" srcset=\"https:\/\/www.thrips-id.com\/de\/wp-content\/uploads\/sites\/2\/2024\/05\/Clapand-Fling-300x197.png 300w, https:\/\/www.thrips-id.com\/de\/wp-content\/uploads\/sites\/2\/2024\/05\/Clapand-Fling-1024x672.png 1024w, https:\/\/www.thrips-id.com\/de\/wp-content\/uploads\/sites\/2\/2024\/05\/Clapand-Fling-768x504.png 768w, https:\/\/www.thrips-id.com\/de\/wp-content\/uploads\/sites\/2\/2024\/05\/Clapand-Fling-1536x1008.png 1536w, https:\/\/www.thrips-id.com\/de\/wp-content\/uploads\/sites\/2\/2024\/05\/Clapand-Fling-600x394.png 600w, https:\/\/www.thrips-id.com\/de\/wp-content\/uploads\/sites\/2\/2024\/05\/Clapand-Fling.png 1968w\" sizes=\"auto, (max-width: 400px) 100vw, 400px\" \/><p id=\"caption-attachment-7340\" class=\"wp-caption-text\">Clap-and-Fling-Flug: Auftrieb durch Unterdruck, der beim Senken der Fl\u00fcgel \u00fcber dem K\u00f6rper entsteht. <\/p>\n<p><\/p><\/div>\n<p>Die entscheidenden Effekte zur Auftriebserzeugung bzw. Auftriebsverst\u00e4rkung bei kleinsten Insekten beruhen auf der Flexibilit\u00e4t ihrer Fl\u00fcgel, deren Rotation und der sich daraus ergebenden Wirbelbildung. Besonders wichtig erscheint in diesem Zusammenhang nach neuesten Erkenntnissen der Clap-and-Fling-Mechanismus. Beim Zusammenschlagen (&#8218;clap&#8216;) der Fl\u00fcgel am Umkehrpunkt ber\u00fchren sich als erstes die Fl\u00fcgelvorderkanten. Im weiteren Verlauf legen sich dann die flexiblen Fl\u00fcgel vollst\u00e4ndig aneinander. Dabei kommt es jeweils an den Fl\u00fcgelhinterkanten zur Wirbelbildung durch ausgesto\u00dfene Luft, die auch zum Vorschub dient. Beim Auseinanderschlagen (&#8218;fling&#8216;) rotieren die Fl\u00fcgel um ihre Hinterkanten, d.h., die Vorderkanten l\u00f6sen sich als erstes voneinander. Die dabei zwischen die Fl\u00fcgel nachstr\u00f6mende Luft wird erneut an den Fl\u00fcgelkanten verwirbelt und verst\u00e4rkt den Auftrieb immens. Den Clap-and-Fling-Effekt beherrschen \u00fcbrigens auch Tauben, bei denen er dann als deutliches Fl\u00fcgelklatschen zu h\u00f6ren ist.<\/p>\n<p>Die\u00a0Fluggeschwindigkeit\u00a0der Thysanopteren schwankt zwischen 10cm\/s und 50cm\/s. Sie ist damit fast immer geringer als die Luftbewegung. Ein gerichteter Flug scheint dadurch nahezu unm\u00f6glich. In der Regel d\u00fcrften die Tiere also durch Luftstr\u00f6mungen und Winde verdriftet werden.<\/p>\n<p>&nbsp;<\/p>\n<p><span style=\"color: #000000;\"><strong>Video: Flug kleinster Insekten (Ultra-Slow-Motion)<br \/>\n<\/strong>\u00a9\u00a0Laura Miller et al. (University of North Carolina, Georgia Institute of Technology)<\/span>[\/vc_column_text][vc_video link=&#8220;https:\/\/youtu.be\/LnmcArJD_aU?si=CxUbSEtBnLMz6cbF&#8220;][\/vc_column][\/vc_row]<\/p>\n<\/div>","protected":false},"excerpt":{"rendered":"<p>[vc_row][vc_column][vc_column_text]&#8230; wenn Luft z\u00e4h und klebrig wird[\/vc_column_text][vc_media_grid element_width=&#8220;2&#8243; item=&#8220;mediaGrid_ScaleInWithIcon&#8220; grid_id=&#8220;vc_gid:1715445003410-b567a03e050cbc554cafc9e46f529d41-2&#8243; include=&#8220;2808,557,550,554,551,548&#8243;][vc_column_text]Je kleiner Insekten sind, desto skurriler sind ihre\u00a0Fl\u00fcgel\u00a0gestaltet. Man kann dies mit st\u00f6mungsphysikalischen Gegebenheiten, die man als Reynolds-Abh\u00e4ngigkeit zusammenfasst, in Verbindung bringen. Der klassische Tragfl\u00fcgel der Insekten funktioniert danach nur bei gr\u00f6\u00dferen Formen, die sich rasch genug durch die Luft bewegen. Je kleiner die Tiere&#8230;<\/p>\n","protected":false},"author":3,"featured_media":0,"parent":485,"menu_order":0,"comment_status":"closed","ping_status":"closed","template":"","meta":{"footnotes":""},"class_list":["post-521","page","type-page","status-publish","hentry"],"_links":{"self":[{"href":"https:\/\/www.thrips-id.com\/de\/wp-json\/wp\/v2\/pages\/521","targetHints":{"allow":["GET"]}}],"collection":[{"href":"https:\/\/www.thrips-id.com\/de\/wp-json\/wp\/v2\/pages"}],"about":[{"href":"https:\/\/www.thrips-id.com\/de\/wp-json\/wp\/v2\/types\/page"}],"author":[{"embeddable":true,"href":"https:\/\/www.thrips-id.com\/de\/wp-json\/wp\/v2\/users\/3"}],"replies":[{"embeddable":true,"href":"https:\/\/www.thrips-id.com\/de\/wp-json\/wp\/v2\/comments?post=521"}],"version-history":[{"count":41,"href":"https:\/\/www.thrips-id.com\/de\/wp-json\/wp\/v2\/pages\/521\/revisions"}],"predecessor-version":[{"id":7347,"href":"https:\/\/www.thrips-id.com\/de\/wp-json\/wp\/v2\/pages\/521\/revisions\/7347"}],"up":[{"embeddable":true,"href":"https:\/\/www.thrips-id.com\/de\/wp-json\/wp\/v2\/pages\/485"}],"wp:attachment":[{"href":"https:\/\/www.thrips-id.com\/de\/wp-json\/wp\/v2\/media?parent=521"}],"curies":[{"name":"wp","href":"https:\/\/api.w.org\/{rel}","templated":true}]}}