{"id":583,"date":"2016-12-30T20:46:50","date_gmt":"2016-12-30T19:46:50","guid":{"rendered":"http:\/\/www.thrips-id.com\/de\/?page_id=583"},"modified":"2023-10-25T08:38:32","modified_gmt":"2023-10-25T06:38:32","slug":"systematik","status":"publish","type":"page","link":"https:\/\/www.thrips-id.com\/de\/thripse\/systematik\/","title":{"rendered":"Systematik"},"content":{"rendered":"<div class=\"wpb-content-wrapper\"><p>[vc_row][vc_column][vc_column_text]<strong><span style=\"color: #000000;\">Systematik &#8211; phylogenetisch &amp;\u00a0intern\u00a0<\/span><\/strong>[\/vc_column_text][vc_media_grid element_width=&#8220;2&#8243; item=&#8220;mediaGrid_ScaleInWithIcon&#8220; grid_id=&#8220;vc_gid:1698215858809-cb86dacaae952f83ff4284e547b923de-4&#8243; include=&#8220;2801,2800,2799,2802,2798,2797&#8243;][vc_column_text]Gem\u00e4\u00df der <strong>phylogenetischen\u00a0Systematik<\/strong>\u00a0bildet die Ordnung Thysanoptera (Fransenfl\u00fcgler) eine Schwestergruppe der Hemiptera (Schnabelkerfe) innerhalb der Condylognatha. Die mutma\u00dfliche Monophylie der Condylognatha basiert dabei vor allem auf der Tatsache, dass bei ihren Vertretern neben den Maxillen auch die Mandibeln zu Stechborsten abgewandelt sind. Der Ursprung der Fransenfl\u00fcgler k\u00f6nnte in der Verarbeitung von Pollen als Nahrung mit nur einer Mandibel begr\u00fcndet sein: Pollenk\u00f6rner sind so klein (20 &#8211; 40\u03bcm), dass der Gebrauch mehrerer Stilette sie eher zerdr\u00fccken, als ihre Wand durchstechen w\u00fcrde. So mag es die Spezialisierung auf Pollennahrung gewesen sein, welche die Entwicklung nur einer Mandibel f\u00f6rderte und die phylogenetisch alten Fransenfl\u00fcgler zur Evolution in eine eigene Ordnung f\u00fchrte.<br \/>\nBezieht man die ausgestorbenen Lophioneurida mit ein, aus der sich die Fransenfl\u00fcgler einst entwickelt haben, so werden die beiden Ordnungen Thysanoptera und Lophioneurida in der \u00dcberordnung Thripida zusammengefasst. N\u00e4heres dazu siehe unter <a href=\"\/de\/thripse\/evolution\/\">Evolution<\/a>.<\/p>\n<p><img loading=\"lazy\" decoding=\"async\" class=\"alignnone wp-image-3111 size-full\" src=\"http:\/\/www.thrips-id.com\/de\/wp-content\/uploads\/sites\/2\/2016\/12\/Cladogramm-Thysanoptera.png\" width=\"940\" height=\"626\" srcset=\"https:\/\/www.thrips-id.com\/de\/wp-content\/uploads\/sites\/2\/2016\/12\/Cladogramm-Thysanoptera.png 940w, https:\/\/www.thrips-id.com\/de\/wp-content\/uploads\/sites\/2\/2016\/12\/Cladogramm-Thysanoptera-300x200.png 300w, https:\/\/www.thrips-id.com\/de\/wp-content\/uploads\/sites\/2\/2016\/12\/Cladogramm-Thysanoptera-768x511.png 768w\" sizes=\"auto, (max-width: 940px) 100vw, 940px\" \/>[\/vc_column_text][vc_separator css=&#8220;.vc_custom_1491781842782{margin-top: 0px !important;margin-bottom: 0px !important;border-top-width: 0px !important;border-bottom-width: 10px !important;padding-top: 0px !important;}&#8220;][vc_column_text]In ihrer<strong> internen Systematik<\/strong>\u00a0werden nach Ansicht der meisten Wissenschaftler die rezenten Vertreter der Thysanoptera in neun Familien gestellt, die sich auf die Subordines Terebrantia und Tubulifera verteilen. Basierend auf phylogenetischen Merkmalen l\u00e4sst sich aber kein eindeutiger Stammbaum rekonstruieren. Strittig ist dabei vor allem die Verwandtschaft der Unterordnung Tubulifera, die rezent nur aus der Familie Phlaeothripidae besteht, zu den anderen Familien.<\/p>\n<p>Im Folgenden ist die Einteilung der Thysanoptera auf Ebene der Unterordnungen und Familien gelistet; die Links zeigen jeweils eine Art als Beispiel. (\u2020: Familien, die ausschlie\u00dflich fossile Taxa beinhalten)<\/p>\n<p><em><strong>Terebrantia:<\/strong><\/em>\u00a0<a href=\"\/de\/aeolothrips-ericae\/\">Aeolothripidae<\/a>, Fauriellidae, <a href=\"\/de\/hemithrips-simplex\/\">\u2020 Hemithripidae<\/a>, <a href=\"\/de\/lenkothrips-daedali\/\">Heterothripidae<\/a>, \u2020 Karataothripidae, \u2020 Liassothripidae, <a href=\"\/de\/melanthrips-fuscus\/\">Melanthripidae<\/a>, <a href=\"\/de\/merothrips-brunneus\/\">Merothripidae<\/a>, <a href=\"\/de\/%e2%80%a0-stenurothrips-maximus\/\">Stenurothripidae<\/a>, <a href=\"\/de\/frankliniella-intonsa\/\">Thripidae,<\/a> \u2020 Triassothripidae, <a href=\"\/de\/uzelothrips-scabrosus\/\">Uzelothripidae<\/a><\/p>\n<p><strong><em>Tubulifera:<\/em>\u00a0<\/strong><a href=\"\/de\/haplothrips-cahirensis\/\">Phlaeothripidae<\/a>,\u00a0<a href=\"\/de\/rohrthrips_burmiticus\/\">\u2020 Rohrthripidae<\/a><\/p>\n<p>Molekularbiologische Untersuchungen deuten darauf hin, dass die Unterfamilie Panchaetothripinae, die nach morphologischen Merkmalen zur Familie Thripidae geh\u00f6rt, eine eigene Familie darstellen k\u00f6nnte, die sich dann zeitlich recht fr\u00fch abgespalten haben d\u00fcrfte. Zuk\u00fcnftige\u00a0molekulare Analysen werden das Bild der Verwandtschaftsbeziehungen innerhalb der Thysanoptera ohne Zweifel neu pr\u00e4gen.[\/vc_column_text][\/vc_column][\/vc_row]<\/p>\n<\/div>","protected":false},"excerpt":{"rendered":"<p>[vc_row][vc_column][vc_column_text]Systematik &#8211; phylogenetisch &amp;\u00a0intern\u00a0[\/vc_column_text][vc_media_grid element_width=&#8220;2&#8243; item=&#8220;mediaGrid_ScaleInWithIcon&#8220; grid_id=&#8220;vc_gid:1698215858809-cb86dacaae952f83ff4284e547b923de-4&#8243; include=&#8220;2801,2800,2799,2802,2798,2797&#8243;][vc_column_text]Gem\u00e4\u00df der phylogenetischen\u00a0Systematik\u00a0bildet die Ordnung Thysanoptera (Fransenfl\u00fcgler) eine Schwestergruppe der Hemiptera (Schnabelkerfe) innerhalb der Condylognatha. Die mutma\u00dfliche Monophylie der Condylognatha basiert dabei vor allem auf der Tatsache, dass bei ihren Vertretern neben den Maxillen auch die Mandibeln zu Stechborsten abgewandelt sind. Der Ursprung der Fransenfl\u00fcgler k\u00f6nnte in der&#8230;<\/p>\n","protected":false},"author":3,"featured_media":0,"parent":485,"menu_order":0,"comment_status":"closed","ping_status":"closed","template":"","meta":{"footnotes":""},"class_list":["post-583","page","type-page","status-publish","hentry"],"_links":{"self":[{"href":"https:\/\/www.thrips-id.com\/de\/wp-json\/wp\/v2\/pages\/583","targetHints":{"allow":["GET"]}}],"collection":[{"href":"https:\/\/www.thrips-id.com\/de\/wp-json\/wp\/v2\/pages"}],"about":[{"href":"https:\/\/www.thrips-id.com\/de\/wp-json\/wp\/v2\/types\/page"}],"author":[{"embeddable":true,"href":"https:\/\/www.thrips-id.com\/de\/wp-json\/wp\/v2\/users\/3"}],"replies":[{"embeddable":true,"href":"https:\/\/www.thrips-id.com\/de\/wp-json\/wp\/v2\/comments?post=583"}],"version-history":[{"count":33,"href":"https:\/\/www.thrips-id.com\/de\/wp-json\/wp\/v2\/pages\/583\/revisions"}],"predecessor-version":[{"id":6352,"href":"https:\/\/www.thrips-id.com\/de\/wp-json\/wp\/v2\/pages\/583\/revisions\/6352"}],"up":[{"embeddable":true,"href":"https:\/\/www.thrips-id.com\/de\/wp-json\/wp\/v2\/pages\/485"}],"wp:attachment":[{"href":"https:\/\/www.thrips-id.com\/de\/wp-json\/wp\/v2\/media?parent=583"}],"curies":[{"name":"wp","href":"https:\/\/api.w.org\/{rel}","templated":true}]}}