{"id":609,"date":"2016-12-30T22:45:59","date_gmt":"2016-12-30T21:45:59","guid":{"rendered":"http:\/\/www.thrips-id.com\/de\/?page_id=609"},"modified":"2024-02-02T17:06:56","modified_gmt":"2024-02-02T16:06:56","slug":"schaedlinge","status":"publish","type":"page","link":"https:\/\/www.thrips-id.com\/de\/thripse\/schaedlinge\/","title":{"rendered":"Sch\u00e4dlinge"},"content":{"rendered":"<div class=\"wpb-content-wrapper\"><p>[vc_row][vc_column][vc_column_text]<span style=\"color: #000000;\"><strong>Thripse als Sch\u00e4dlinge &#8211; nicht nur an Pflanzen<\/strong><\/span>[\/vc_column_text][vc_media_grid element_width=&#8220;2&#8243; item=&#8220;mediaGrid_ScaleInWithIcon&#8220; grid_id=&#8220;vc_gid:1706890012244-4da11ba01224525109b88162ff0ba309-3&#8243; include=&#8220;627,626,625,623,3335,619&#8243;][vc_column_text]Den meisten Menschen sind Thysanopteren &#8211; hier vor allem unter dem Namen Thripse &#8211; als\u00a0Sch\u00e4dlinge\u00a0an Kultur- und Zimmerpflanzen bekannt. Weltweit treten allerdings nur wenige der insgesamt ca. 5.850 beschriebenen Arten als Sch\u00e4dlinge in Erscheinung. Einige Spezies verursachten aber gro\u00dfe Ernteverluste (z.B. in Kenia vollst\u00e4ndige Verluste der Tee- und Tabakernte). Neben den direkten Sch\u00e4den an unterschiedlichen Pflanzenorganen sind einzelne Arten auch als Virus-, Mycose- und Mycoplasmavektoren bekannt und gef\u00fcrchtet. Die Pflanzenschutz\u00e4mter in Deutschland listen ca. 25 Spezies, von denen unter bestimmten Umst\u00e4nden eine Sch\u00e4digung f\u00fcr Kulturpflanzen im Freiland zu erwarten ist. Erg\u00e4nzen lie\u00dfe sich diese Liste durch eine zunehmende Zahl von Arten, die (wie\u00a0<em>Frankliniella occidentalis<\/em>)\u00a0aus anderen Kontinenten verschleppt wurden und die nun &#8211; je nach Herkunft &#8211; entweder unter den tropischen Bedingungen von Gew\u00e4chsh\u00e4usern oder sogar im Freiland Fu\u00df fassen und dort zu Sch\u00e4dlingen werden.<\/p>\n<p>Der weltweit durch Thripse verursachte wirtschaftliche Schaden l\u00e4sst sich auf ca. eine Milliarde US-Dollar pro Jahr beziffern.<\/p>\n<p>Zahlreiche Fotos und Videos typischer Schaubilder finden Sie unter <a href=\"\/de\/schaeden\/\">Fotos &gt; Sch\u00e4den<\/a>.[\/vc_column_text][vc_separator css=&#8220;.vc_custom_1485897017802{padding-top: 0px !important;padding-bottom: 0px !important;}&#8220;][vc_column_text css=&#8220;.vc_custom_1494847205967{margin-bottom: 0px !important;border-bottom-width: 0px !important;padding-bottom: 0px !important;}&#8220;]Auf der Suche nach passenden Winterquartieren finden sich die winzigen Insekten oft in menschlichen Behausungen ein. Durch ihr extrem ausgepr\u00e4gtes positiv-thigmotaktisches Verhalten dringen sie dort in kleinste Ritzen vor. So kann man Thysanopteren an fast allen nur erdenklichen Orten finden. Nachweise gibt es unter anderem aus Uhren, zwischen Buchseiten oder zwischen der Verglasung von Dia-Positiven und Wandbildern, \u00a0aber auch aus elektronischen Ger\u00e4ten wie Rauchmeldern, die durch die kleinen Insekten aktiviert wurden. An sichtbaren Stellen entstehen nach dem Ableben der Tiere und der folgenden Aktivit\u00e4t von Mikroben oft w\u00fcste Flecken.<br \/>\n&nbsp;[\/vc_column_text][vc_row_inner equal_height=&#8220;yes&#8220;][vc_column_inner width=&#8220;5\/12&#8243; css=&#8220;.vc_custom_1486245404032{margin-top: 0px !important;border-top-width: 0px !important;padding-top: 0px !important;}&#8220;][vc_column_text]<img loading=\"lazy\" decoding=\"async\" class=\"alignnone wp-image-2776\" src=\"http:\/\/www.thrips-id.com\/de\/wp-content\/uploads\/sites\/2\/2016\/12\/Getr\u00e4nkeverschluss-277x300.jpg\" width=\"310\" height=\"335\" srcset=\"https:\/\/www.thrips-id.com\/de\/wp-content\/uploads\/sites\/2\/2016\/12\/Getr\u00e4nkeverschluss-277x300.jpg 277w, https:\/\/www.thrips-id.com\/de\/wp-content\/uploads\/sites\/2\/2016\/12\/Getr\u00e4nkeverschluss.jpg 500w\" sizes=\"auto, (max-width: 310px) 100vw, 310px\" \/>[\/vc_column_text][\/vc_column_inner][vc_column_inner width=&#8220;7\/12&#8243;][vc_column_text css=&#8220;.vc_custom_1486246925134{padding-top: 20px !important;}&#8220;]Schw\u00e4rmende Thysanopteren (insbesondere <em>Limothrips cerealium<\/em>), die beim Landen an gelagerte Getr\u00e4nkeflaschen gelangen, stellen ein\u00a0Hygieneproblem dar.\u00a0Bedingt durch ihr thigmotaktisches Verhalten dringen die Tiere tief in die Gewindeg\u00e4nge vor und verenden dann h\u00e4ufig\u00a0im Bereich der Dichtung. Die Problematik scheint verst\u00e4rkt an hellen, durchsichtigen Verschl\u00fcssen aufzutreten (siehe Foto). Vermutlich finden die kleinen Insekten den Weg in die Freiheit nach unten nicht mehr, da sie dem Lichteinfall folgend eher nach oben streben.<br \/>\nDie Ansammlung der Insekten &#8211; bzw. ihrer Kadaver &#8211; unter den Verschl\u00fcssen ist zwar unsch\u00f6n, ein gesundheitliches Risiko geht von ihnen jedoch nicht aus.[\/vc_column_text][\/vc_column_inner][\/vc_row_inner][vc_row_inner equal_height=&#8220;yes&#8220;][vc_column_inner width=&#8220;5\/12&#8243;][vc_column_text]<img loading=\"lazy\" decoding=\"async\" class=\"alignnone wp-image-642\" src=\"http:\/\/www.thrips-id.com\/de\/wp-content\/uploads\/sites\/2\/2016\/12\/Gewitterfliege_tft-300x214.jpg\" width=\"310\" height=\"221\" srcset=\"https:\/\/www.thrips-id.com\/de\/wp-content\/uploads\/sites\/2\/2016\/12\/Gewitterfliege_tft-300x214.jpg 300w, https:\/\/www.thrips-id.com\/de\/wp-content\/uploads\/sites\/2\/2016\/12\/Gewitterfliege_tft.jpg 399w\" sizes=\"auto, (max-width: 310px) 100vw, 310px\" \/>[\/vc_column_text][\/vc_column_inner][vc_column_inner width=&#8220;7\/12&#8243;][vc_column_text css=&#8220;.vc_custom_1486247096863{padding-top: 20px !important;}&#8220;]Sachsch\u00e4den\u00a0verursachen Thysanopteren, die angelockt durch das Licht in TFT-Monitore eindringen. Zwischen Panelglas und Diffusorfolie sind die Insekten dann auf dem Monitorbild sichtbar und verenden im ung\u00fcnstigsten Fall auch dort. Sie erscheinen als bleibender kommaf\u00f6rmiger, aber sehr \u00e4rgerlicher Fleck. (<a href=\"http:\/\/www.mactechnews.de\/forum\/discussion\/Hilfe-in-meinem-TFT-krabbelt-was-216501.html\">Foto mit Genehmigung\u00a0Mac Tech News<\/a>)[\/vc_column_text][\/vc_column_inner][\/vc_row_inner][vc_row_inner equal_height=&#8220;yes&#8220;][vc_column_inner width=&#8220;5\/12&#8243;][vc_column_text]<img loading=\"lazy\" decoding=\"async\" class=\"alignnone wp-image-640\" src=\"http:\/\/www.thrips-id.com\/de\/wp-content\/uploads\/sites\/2\/2016\/12\/Googlemaps-278x300.jpg\" width=\"310\" height=\"335\" srcset=\"https:\/\/www.thrips-id.com\/de\/wp-content\/uploads\/sites\/2\/2016\/12\/Googlemaps-278x300.jpg 278w, https:\/\/www.thrips-id.com\/de\/wp-content\/uploads\/sites\/2\/2016\/12\/Googlemaps.jpg 370w\" sizes=\"auto, (max-width: 310px) 100vw, 310px\" \/>[\/vc_column_text][\/vc_column_inner][vc_column_inner width=&#8220;7\/12&#8243;][vc_column_text css=&#8220;.vc_custom_1486247126260{padding-top: 20px !important;}&#8220;]Ein gr\u00f6\u00dferer \u00bbFleck\u00ab entstand, als w\u00e4hrend des Scan-Vorgangs von Satellitenaufnahmen f\u00fcr Google Maps ein Fransenfl\u00fcgler zwischen Bild und Glasplatte des Scanners gelangte. Das Tier war einige Zeit in der N\u00e4he von Aalen nahe der A7 zwischen Westhausen und H\u00fclen als fast 50m langes Unget\u00fcm zwischen zwei \u00c4ckern zu sehen. Der Ausschnitt wurde inzwischen von Google ersetzt.[\/vc_column_text][\/vc_column_inner][\/vc_row_inner][\/vc_column][\/vc_row]<\/p>\n<\/div>","protected":false},"excerpt":{"rendered":"<p>[vc_row][vc_column][vc_column_text]Thripse als Sch\u00e4dlinge &#8211; nicht nur an Pflanzen[\/vc_column_text][vc_media_grid element_width=&#8220;2&#8243; item=&#8220;mediaGrid_ScaleInWithIcon&#8220; grid_id=&#8220;vc_gid:1706890012244-4da11ba01224525109b88162ff0ba309-3&#8243; include=&#8220;627,626,625,623,3335,619&#8243;][vc_column_text]Den meisten Menschen sind Thysanopteren &#8211; hier vor allem unter dem Namen Thripse &#8211; als\u00a0Sch\u00e4dlinge\u00a0an Kultur- und Zimmerpflanzen bekannt. Weltweit treten allerdings nur wenige der insgesamt ca. 5.850 beschriebenen Arten als Sch\u00e4dlinge in Erscheinung. Einige Spezies verursachten aber gro\u00dfe Ernteverluste (z.B. in Kenia vollst\u00e4ndige&#8230;<\/p>\n","protected":false},"author":3,"featured_media":0,"parent":485,"menu_order":0,"comment_status":"closed","ping_status":"closed","template":"","meta":{"footnotes":""},"class_list":["post-609","page","type-page","status-publish","hentry"],"_links":{"self":[{"href":"https:\/\/www.thrips-id.com\/de\/wp-json\/wp\/v2\/pages\/609","targetHints":{"allow":["GET"]}}],"collection":[{"href":"https:\/\/www.thrips-id.com\/de\/wp-json\/wp\/v2\/pages"}],"about":[{"href":"https:\/\/www.thrips-id.com\/de\/wp-json\/wp\/v2\/types\/page"}],"author":[{"embeddable":true,"href":"https:\/\/www.thrips-id.com\/de\/wp-json\/wp\/v2\/users\/3"}],"replies":[{"embeddable":true,"href":"https:\/\/www.thrips-id.com\/de\/wp-json\/wp\/v2\/comments?post=609"}],"version-history":[{"count":24,"href":"https:\/\/www.thrips-id.com\/de\/wp-json\/wp\/v2\/pages\/609\/revisions"}],"predecessor-version":[{"id":6542,"href":"https:\/\/www.thrips-id.com\/de\/wp-json\/wp\/v2\/pages\/609\/revisions\/6542"}],"up":[{"embeddable":true,"href":"https:\/\/www.thrips-id.com\/de\/wp-json\/wp\/v2\/pages\/485"}],"wp:attachment":[{"href":"https:\/\/www.thrips-id.com\/de\/wp-json\/wp\/v2\/media?parent=609"}],"curies":[{"name":"wp","href":"https:\/\/api.w.org\/{rel}","templated":true}]}}