{"id":629,"date":"2016-12-31T01:10:11","date_gmt":"2016-12-31T00:10:11","guid":{"rendered":"http:\/\/www.thrips-id.com\/de\/?page_id=629"},"modified":"2025-12-11T15:48:35","modified_gmt":"2025-12-11T14:48:35","slug":"nuetzlinge","status":"publish","type":"page","link":"https:\/\/www.thrips-id.com\/de\/thripse\/nuetzlinge\/","title":{"rendered":"N\u00fctzlinge"},"content":{"rendered":"<div class=\"wpb-content-wrapper\"><p>[vc_row][vc_column][vc_column_text]<strong><span style=\"color: #000000;\">R\u00e4uber &amp; Best\u00e4uber<\/span><\/strong>[\/vc_column_text][vc_media_grid element_width=&#8220;2&#8243; item=&#8220;mediaGrid_ScaleInWithIcon&#8220; css=&#8220;&#8220; grid_id=&#8220;vc_gid:1765464500512-a7da00bf94cd464050f95f9ec13fea83-7&#8243; include=&#8220;2824,7626,2823,4971,4981,5413&#8243;][vc_column_text]<\/p>\n<p class=\"style74 f-fp\">Oft denkt man &#8211; geleitet durch die sch\u00e4dlichen Arten &#8211; bei Thysanopteren nur an bl\u00fcten- und blattbewohnende Pflanzensaftsauger. Ann\u00e4hernd die H\u00e4lfte der bekannten Arten ern\u00e4hrt sich jedoch in der Laubstreu oder an Totholz von Pilzhyphen oder -sporen; wenige Arten sind auch R\u00e4uber, meist an anderen Arthropoden oder an deren Eigelegen. <em>Franklinothrips vespiformis<\/em>\u00a0wird heute als N\u00fctzling gez\u00fcchtet und oftmals im Unterglasanbau gegen Pflanzensch\u00e4dlinge eingesetzt.<\/p>\n<p class=\"style66\">Thysanopteren fungieren auch als Bl\u00fctenbest\u00e4uber. W\u00e4hrend sie bei den meisten Pflanzenarten lediglich eine Selbstbest\u00e4ubung verursachen d\u00fcrften, wurde in einigen F\u00e4llen auch eine effektive Fremdbest\u00e4ubung nachgewiesen: so bei <em>Erica<\/em> und <em>Calluna<\/em> (Ericaceae), <em>Belliolum<\/em> (Winteraceae), <em>Lantana<\/em> (Verbenaceae), <em>Shorea<\/em> (Dipterocarpaceae), <em>Popowia<\/em> (Annonaceae) und vielen anderen mehr. Untersuchungen deuten an, dass den Thysanoptera eine weitaus gr\u00f6\u00dfere Bedeutung bei der Best\u00e4ubung von Bl\u00fcten zukommen k\u00f6nnte: Die Nahrungsgrundlage Pollen und der t\u00e4gliche Aktivit\u00e4tswechsel zwischen exponierter und versteckter Lebensweise scheinen es mit sich zu bringen, dass Imagines und Larven die zwischen ihren K\u00f6rperborsten haftenden Pollenk\u00f6rner verschleppen und verbreiten. Die geringe K\u00f6rpergr\u00f6\u00dfe der Thysanopteren k\u00f6nnte dabei durch eine gen\u00fcgend gro\u00dfe Anzahl an Individuen kompensiert werden.<\/p>\n<p class=\"style66\">Nach Funden in spanischem Kreidezeitbernstein (ca. 110 Mio. Jahre alt) k\u00f6nnten Thripse sogar mit die ersten effektiven Best\u00e4uber \u00fcberhaupt gewesen sein. Die nachgewiesenen Arten der Gattung <em>Gymnopollisthrips<\/em>\u00a0tragen tellerf\u00f6rmige Erweiterungen an ihren K\u00f6rperborsten, die ein Anhaften der Gymnospermenpollen &#8211; und somit deren Verbreitung &#8211; erleichterten.<\/p>\n<p>&nbsp;<\/p>\n<p><strong>Weitere Fotos:\u00a0<\/strong>Auch <em>Aeolothrips intermedius<\/em> wird als N\u00fctzling gegen kleine Arthropoden, wie Schad-Thripse, \u00a0eingesetzt.[\/vc_column_text][vc_media_grid element_width=&#8220;2&#8243; item=&#8220;mediaGrid_ScaleInWithIcon&#8220; grid_id=&#8220;vc_gid:1765464500538-ab543c07b498298d1b53ad9734be125e-10&#8243; include=&#8220;6357,6365,6358,6350,6362,6359&#8243;][\/vc_column][\/vc_row]<\/p>\n<\/div>","protected":false},"excerpt":{"rendered":"<p>[vc_row][vc_column][vc_column_text]R\u00e4uber &amp; Best\u00e4uber[\/vc_column_text][vc_media_grid element_width=&#8220;2&#8243; item=&#8220;mediaGrid_ScaleInWithIcon&#8220; css=&#8220;&#8220; grid_id=&#8220;vc_gid:1765464500512-a7da00bf94cd464050f95f9ec13fea83-7&#8243; include=&#8220;2824,7626,2823,4971,4981,5413&#8243;][vc_column_text] Oft denkt man &#8211; geleitet durch die sch\u00e4dlichen Arten &#8211; bei Thysanopteren nur an bl\u00fcten- und blattbewohnende Pflanzensaftsauger. Ann\u00e4hernd die H\u00e4lfte der bekannten Arten ern\u00e4hrt sich jedoch in der Laubstreu oder an Totholz von Pilzhyphen oder -sporen; wenige Arten sind auch R\u00e4uber, meist an anderen Arthropoden oder&#8230;<\/p>\n","protected":false},"author":3,"featured_media":0,"parent":485,"menu_order":0,"comment_status":"closed","ping_status":"closed","template":"","meta":{"footnotes":""},"class_list":["post-629","page","type-page","status-publish","hentry"],"_links":{"self":[{"href":"https:\/\/www.thrips-id.com\/de\/wp-json\/wp\/v2\/pages\/629","targetHints":{"allow":["GET"]}}],"collection":[{"href":"https:\/\/www.thrips-id.com\/de\/wp-json\/wp\/v2\/pages"}],"about":[{"href":"https:\/\/www.thrips-id.com\/de\/wp-json\/wp\/v2\/types\/page"}],"author":[{"embeddable":true,"href":"https:\/\/www.thrips-id.com\/de\/wp-json\/wp\/v2\/users\/3"}],"replies":[{"embeddable":true,"href":"https:\/\/www.thrips-id.com\/de\/wp-json\/wp\/v2\/comments?post=629"}],"version-history":[{"count":19,"href":"https:\/\/www.thrips-id.com\/de\/wp-json\/wp\/v2\/pages\/629\/revisions"}],"predecessor-version":[{"id":8462,"href":"https:\/\/www.thrips-id.com\/de\/wp-json\/wp\/v2\/pages\/629\/revisions\/8462"}],"up":[{"embeddable":true,"href":"https:\/\/www.thrips-id.com\/de\/wp-json\/wp\/v2\/pages\/485"}],"wp:attachment":[{"href":"https:\/\/www.thrips-id.com\/de\/wp-json\/wp\/v2\/media?parent=629"}],"curies":[{"name":"wp","href":"https:\/\/api.w.org\/{rel}","templated":true}]}}