{"id":731,"date":"2017-01-01T21:56:42","date_gmt":"2017-01-01T20:56:42","guid":{"rendered":"http:\/\/www.thrips-id.com\/de\/?page_id=731"},"modified":"2025-12-11T09:16:42","modified_gmt":"2025-12-11T08:16:42","slug":"vortraege","status":"publish","type":"page","link":"https:\/\/www.thrips-id.com\/de\/ueber-mich\/vortraege\/","title":{"rendered":"Vortr\u00e4ge"},"content":{"rendered":"<div class=\"wpb-content-wrapper\"><p>[vc_row equal_height=&#8220;yes&#8220; content_placement=&#8220;top&#8220;][vc_column][vc_column_text]<span style=\"color: #000000;\"><strong>Vortr\u00e4ge<\/strong><\/span>[\/vc_column_text][\/vc_column][\/vc_row][vc_row equal_height=&#8220;yes&#8220; content_placement=&#8220;top&#8220;][vc_column][vc_column_text css_animation=&#8220;appear&#8220;]<img loading=\"lazy\" decoding=\"async\" class=\"alignnone wp-image-748 size-full\" src=\"http:\/\/www.thrips-id.com\/de\/wp-content\/uploads\/sites\/2\/2017\/01\/Sautter.jpg\" width=\"1024\" height=\"364\" srcset=\"https:\/\/www.thrips-id.com\/de\/wp-content\/uploads\/sites\/2\/2017\/01\/Sautter.jpg 1024w, https:\/\/www.thrips-id.com\/de\/wp-content\/uploads\/sites\/2\/2017\/01\/Sautter-300x107.jpg 300w, https:\/\/www.thrips-id.com\/de\/wp-content\/uploads\/sites\/2\/2017\/01\/Sautter-768x273.jpg 768w\" sizes=\"auto, (max-width: 1024px) 100vw, 1024px\" \/>[\/vc_column_text][vc_column_text][\/vc_column_text][\/vc_column][\/vc_row][vc_row equal_height=&#8220;yes&#8220; content_placement=&#8220;top&#8220;][vc_column width=&#8220;1\/12&#8243;][vc_column_text css=&#8220;&#8220;]2025[\/vc_column_text][\/vc_column][vc_column width=&#8220;11\/12&#8243;][vc_column_text css=&#8220;&#8220;]<\/p>\n<div class=\"page\" title=\"Page 1\">\n<div class=\"layoutArea\">\n<div class=\"column\">\n<p>Blasenf\u00fc\u00dfe \u2013 Fransenfl\u00fcgler \u2013 Einblick in die Welt der Thripse. <em>Vortrag zur 16. Internationalen Fachtagung \u00d6kologische Pflege in St. P\u00f6lten, \u00d6sterreich; <\/em><em>Veranstalter: Natur im Garten am 19. November.&nbsp;<\/em><\/p>\n<\/div>\n<\/div>\n<\/div>\n<p>[\/vc_column_text][\/vc_column][\/vc_row][vc_row equal_height=&#8220;yes&#8220; content_placement=&#8220;top&#8220;][vc_column width=&#8220;1\/12&#8243;][vc_column_text]2024[\/vc_column_text][\/vc_column][vc_column width=&#8220;11\/12&#8243;][vc_column_text css=&#8220;&#8220;]<\/p>\n<div class=\"page\" title=\"Page 1\">\n<div class=\"layoutArea\">\n<div class=\"column\">\n<p>Thrips (Thysanoptera) \u2013 A hidden world. <em>Er\u00f6ffnungsvortrag zur Tagung von CBC Bioplanet Soc. agr. srl. in Cesena, Italien am 11. Dezember.<\/em><\/p>\n<\/div>\n<\/div>\n<\/div>\n<p>[\/vc_column_text][\/vc_column][\/vc_row][vc_row equal_height=&#8220;yes&#8220; content_placement=&#8220;top&#8220;][vc_column width=&#8220;1\/12&#8243;][vc_column_text]2024[\/vc_column_text][\/vc_column][vc_column width=&#8220;11\/12&#8243;][vc_column_text css=&#8220;&#8220;]<\/p>\n<div class=\"page\" title=\"Page 1\">\n<div class=\"layoutArea\">\n<div class=\"column\">\n<p>Thripse (Thysanopteren): Kleine K\u00f6rpergr\u00f6\u00dfe als Erfolgsmodell der Evolution. <em>Er\u00f6ffnungsvortrag zum Arbeitstreffen befreundeter Berater im N\u00fctzlingseinsatz und Pflanzenschutz; Veranstalter: Betreuungsdienst N\u00fctzlingseinsatz Baden e.V. auf dem Weingut D\u00e4twyl am 21. Oktober 2024<\/em><\/p>\n<\/div>\n<\/div>\n<\/div>\n<p>[\/vc_column_text][\/vc_column][\/vc_row][vc_row equal_height=&#8220;yes&#8220; content_placement=&#8220;top&#8220;][vc_column width=&#8220;1\/12&#8243;][vc_column_text]2024[\/vc_column_text][\/vc_column][vc_column width=&#8220;11\/12&#8243;][vc_column_text css=&#8220;&#8220;]<\/p>\n<div class=\"page\" title=\"Page 1\">\n<div class=\"layoutArea\">\n<div class=\"column\">\n<p>Thripse (Thysanopteren): Als Sch\u00e4dlinge bekannt \u2013 Als Best\u00e4uber verkannt. <em>Vortrag zum Tag der s\u00e4chsischen Imkervereine am 28. September 2024 in Dresden.<\/em><\/p>\n<\/div>\n<\/div>\n<\/div>\n<p>[\/vc_column_text][\/vc_column][\/vc_row][vc_row equal_height=&#8220;yes&#8220; content_placement=&#8220;top&#8220;][vc_column width=&#8220;1\/12&#8243;][vc_column_text]2024[\/vc_column_text][\/vc_column][vc_column width=&#8220;10\/12&#8243;][vc_column_text css=&#8220;&#8220;]<\/p>\n<div class=\"page\" title=\"Page 1\">\n<div class=\"layoutArea\">\n<div class=\"column\">\n<p>Gewittertierchen (Thysanopteren) \u2013 Kleinstinsekten, die verhaltensbedingt als Hygienesch\u00e4dlinge in Erscheinung treten k\u00f6nnen. <em>Vortrag zur Jahrestagung der Deutschen Gesellschaft f\u00fcr Medizinische Entomologie und Acarologie (DGMEA e.V.) am 13. September 2024 in Karlsruhe.<\/em><\/p>\n<\/div>\n<\/div>\n<\/div>\n<p>[\/vc_column_text][\/vc_column][vc_column width=&#8220;1\/12&#8243;][vc_raw_html css=&#8220;&#8220;]JTNDYSUyMGhyZWYlM0QlMjJodHRwcyUzQSUyRiUyRnd3dy50aHJpcHMtaWQuY29tJTJGZGUlMkZ3cC1jb250ZW50JTJGdXBsb2FkcyUyRnNpdGVzJTJGMiUyRjIwMjUlMkYxMiUyRkRHYWFFLTM5LTEtMi0yMDI1LnBkZiUyMiUyMHRhcmdldCUzRCUyMl9ibGFuayUyMiUzRSUyMCUwQSUyMCUyMCUyMCUyMCUzQ2ltZyUyMHNyYyUzRCUyMiUyRmRlJTJGd3AtY29udGVudCUyRnVwbG9hZHMlMkZzaXRlcyUyRjIlMkYyMDE3JTJGMDElMkZwZGZob3ZlcjEucG5nJTIyJTBBJTIwJTIwJTIwJTIwJTIwJTIwJTIwb25tb3VzZW92ZXIlM0QlMjJ0aGlzLnNyYyUzRCUyNyUyRmRlJTJGd3AtY29udGVudCUyRnVwbG9hZHMlMkZzaXRlcyUyRjIlMkYyMDE3JTJGMDElMkZwZGZkb3dubG9hZC5wbmclMjclM0IlMjIlMEElMjAlMjAlMjAlMjAlMjAlMjAlMjBvbm1vdXNlb3V0JTNEJTIydGhpcy5zcmMlM0QlMjclMkZkZSUyRndwLWNvbnRlbnQlMkZ1cGxvYWRzJTJGc2l0ZXMlMkYyJTJGMjAxNyUyRjAxJTJGcGRmaG92ZXIxLnBuZyUyNyUzQiUyMiUzRSUwQSUyMCUyMCUyMCUyMCUzQyUyRmltZyUzRSUyMCUwQSUzQyUyRmElM0U=[\/vc_raw_html][\/vc_column][\/vc_row][vc_row equal_height=&#8220;yes&#8220; content_placement=&#8220;top&#8220;][vc_column width=&#8220;1\/12&#8243;][vc_column_text]2024[\/vc_column_text][\/vc_column][vc_column width=&#8220;11\/12&#8243;][vc_column_text]<\/p>\n<div class=\"page\" title=\"Page 1\">\n<div class=\"layoutArea\">\n<div class=\"column\">\n<p>Thrips in Citrus Crops \u2013 Differentiation of Pest Species\u00a0and Ecological Aspects.\u00a0 <em>Online-Pr\u00e4sentation zum Citrus Forum (Congreso international de C\u00edtricos) am 30. Mai 2024. Powered by Agromarketing.\u00a0<\/em><\/p>\n<\/div>\n<\/div>\n<\/div>\n<p>[\/vc_column_text][\/vc_column][\/vc_row][vc_row equal_height=&#8220;yes&#8220; content_placement=&#8220;top&#8220;][vc_column width=&#8220;1\/12&#8243;][vc_column_text]2024[\/vc_column_text][\/vc_column][vc_column width=&#8220;11\/12&#8243;][vc_column_text]<\/p>\n<div class=\"page\" title=\"Page 1\">\n<div class=\"layoutArea\">\n<div class=\"column\">\n<p>Thysanopteren \u2013 Fransenfl\u00fcgler \u2013 Thripse: Winzlinge mit faszinierenden Anpassungen.<em> Vortrag zur 119. Tagung des Th\u00fcringer Entomologenverbandes e.V. am 27. April 2024 in M\u00fchlberg.<\/em><\/p>\n<\/div>\n<\/div>\n<\/div>\n<p>[\/vc_column_text][\/vc_column][\/vc_row][vc_row equal_height=&#8220;yes&#8220; content_placement=&#8220;top&#8220;][vc_column width=&#8220;1\/12&#8243;][vc_column_text]2022[\/vc_column_text][\/vc_column][vc_column width=&#8220;11\/12&#8243;][vc_column_text]<\/p>\n<div class=\"page\" title=\"Page 1\">\n<div class=\"layoutArea\">\n<div class=\"column\">\n<p>Fransenfl\u00fcgler \u2013 Thripse \u2013 Thysanopteren. <em>\u00d6ffentlicher Vortrag im Saal der Freien Waldorfschule Offenburg, 24. November 2022.<\/em><\/div>\n<\/div>\n<\/div>\n<p>[\/vc_column_text][\/vc_column][\/vc_row][vc_row equal_height=&#8220;yes&#8220; content_placement=&#8220;top&#8220;][vc_column width=&#8220;1\/12&#8243;][vc_column_text]2021[\/vc_column_text][\/vc_column][vc_column width=&#8220;11\/12&#8243;][vc_column_text]<\/p>\n<div class=\"page\" title=\"Page 1\">\n<div class=\"layoutArea\">\n<div class=\"column\">\n<p>Rohrthripidae \u2013 Cretaceous thrips providing insights into an early diversification within Tubulifera.\u00a0<em>Vortrag im Rahmen des 6th Symposium of Palaearctic Thysanoptera in Zam\u00e1rdi, Ungarn, 13. \u2013 17. September 2021.<\/em><\/div>\n<\/div>\n<\/div>\n<p>[\/vc_column_text][\/vc_column][\/vc_row][vc_row equal_height=&#8220;yes&#8220; content_placement=&#8220;top&#8220;][vc_column width=&#8220;1\/12&#8243;][vc_column_text]2020[\/vc_column_text][\/vc_column][vc_column width=&#8220;11\/12&#8243;][vc_column_text]<\/p>\n<div class=\"page\" title=\"Page 1\">\n<div class=\"layoutArea\">\n<div class=\"column\">\n<p>Rohrthripidae \u2013 Thrips from Burmese Cretaceous amber and the evolution of Tubulifera wings (including\u00a0an introduction how to prepare thrips fossils for microscopic examination).\u00a0<em>Vortrag im Rahmen\u00a0des I SBT \u2013 Simp\u00f3sio Brasileiro de Thysanoptera im August 2020. \u00a0 \u00a0<\/em><a href=\"https:\/\/www.youtube.com\/watch?v=hRA1NYkIXV0\" data-rel=\"lightbox-video-0\" target=\"_blank\" rel=\"noopener noreferrer\">Videoaufzeichnung<\/a><\/p>\n<\/div>\n<\/div>\n<\/div>\n<p>[\/vc_column_text][\/vc_column][\/vc_row][vc_row equal_height=&#8220;yes&#8220; content_placement=&#8220;top&#8220;][vc_column width=&#8220;1\/12&#8243;][vc_column_text]2019[\/vc_column_text][\/vc_column][vc_column width=&#8220;11\/12&#8243;][vc_column_text]<\/p>\n<div class=\"page\" title=\"Page 1\">\n<div class=\"layoutArea\">\n<div class=\"column\">\n<p>Thysanopteren, eine wenig bekannte Insektenordnung \u2013 Allgemeines, Pr\u00e4paration, Bestimmung. <em>Einst\u00fcndiger<\/em>\u00a0<em>Vortrag mit anschlie\u00dfendem praktischen Teil im Rahmen\u00a0des Abendprogramms der Mikrobiologischen Vereinigung M\u00fcnchen e.V. im Juni 2019.<\/em><\/div>\n<\/div>\n<\/div>\n<p>[\/vc_column_text][\/vc_column][\/vc_row][vc_row equal_height=&#8220;yes&#8220; content_placement=&#8220;top&#8220;][vc_column width=&#8220;1\/12&#8243;][vc_column_text]2019[\/vc_column_text][\/vc_column][vc_column width=&#8220;11\/12&#8243;][vc_column_text]<\/p>\n<div class=\"page\" title=\"Page 1\">\n<div class=\"layoutArea\">\n<div class=\"column\">\n<p>Rohrthripidae \u2013 An ancestral family of thrips (Insecta: Thysanoptera) from Cretaceous amber indicating how the wings in modern Tubulifera evolved.\u00a0<em>Vortrag im Rahmen\u00a0des Bernstein Workshops w\u00e4hrend der Entomologen Tagung der DGaaE in Halle an der Saale, 11. bis 14. M\u00e4rz 2019.<\/em><\/div>\n<\/div>\n<\/div>\n<p>[\/vc_column_text][\/vc_column][\/vc_row][vc_row equal_height=&#8220;yes&#8220; content_placement=&#8220;top&#8220;][vc_column width=&#8220;1\/12&#8243;][vc_column_text]2018[\/vc_column_text][\/vc_column][vc_column width=&#8220;11\/12&#8243;][vc_column_text]<\/p>\n<div class=\"page\" title=\"Page 1\">\n<div class=\"layoutArea\">\n<div class=\"column\">\n<p>Technological changes and a new family of Thysanoptera in Burmese Amber.\u00a0<em>Vortrag von M.R. Ulitzka &amp; L.A. Mound (Redner) im Rahmen\u00a0der Australian Entomological Society Conference\u00a0in Alice Springs, Australien vom 24. bis 26. September 2018.<\/em><\/div>\n<\/div>\n<\/div>\n<p>[\/vc_column_text][\/vc_column][\/vc_row][vc_row equal_height=&#8220;yes&#8220; content_placement=&#8220;top&#8220;][vc_column width=&#8220;1\/12&#8243;][vc_column_text]2017[\/vc_column_text][\/vc_column][vc_column width=&#8220;11\/12&#8243;][vc_column_text]<\/p>\n<div class=\"page\" title=\"Page 1\">\n<div class=\"layoutArea\">\n<div class=\"column\">\n<p>Revision of the fossil Melanthripidae from Baltic Tertiary amber including a new genus (Insecta: Thysanoptera).\u00a0<em>Vortrag im Rahmen\u00a0des &#8222;5<sup>th<\/sup> Symposium on Palearctic Thysanoptera&#8220;. Veranstalter: Universit\u00e4t f\u00fcr Agrarwirtschaft (Fakult\u00e4t f\u00fcr Biotechnologie und Gartenbau) in Krakau, Polen; vom 26. bis 29. September 2017.<\/em><\/div>\n<\/div>\n<\/div>\n<p>[\/vc_column_text][\/vc_column][\/vc_row][vc_row equal_height=&#8220;yes&#8220; content_placement=&#8220;top&#8220;][vc_column width=&#8220;1\/12&#8243;][vc_column_text]2016[\/vc_column_text][\/vc_column][vc_column width=&#8220;11\/12&#8243;][vc_column_text]<\/p>\n<div class=\"page\" title=\"Page 1\">\n<div class=\"layoutArea\">\n<div class=\"column\">\n<p>Was treiben Gewittertierchen eigentlich\u00a0&#8230; in Getr\u00e4nkeverschl\u00fcssen?\u00a0<em>Vortrag im Rahmen\u00a0des 11. Bad Kissinger Mineralwassertages. Veranstalter: Institut Romeis Bad Kissingen GmbH, Oberthulba.<\/em><\/div>\n<\/div>\n<\/div>\n<p>[\/vc_column_text][\/vc_column][\/vc_row][vc_row equal_height=&#8220;yes&#8220; content_placement=&#8220;top&#8220;][vc_column width=&#8220;1\/12&#8243;][vc_column_text]2016[\/vc_column_text][\/vc_column][vc_column width=&#8220;11\/12&#8243;][vc_column_text]Thripse als Pflanzensch\u00e4dlinge &#8211; Erkennung und Bestimmung relevanter Arten im Pflanzenschutz.\u00a0<em>Vortrag im Rahmen der\u00a0<\/em><span class=\"style160\"><em>LEL-Fortbildung &#8222;Saugende Schadinsekten im Obst- und Gartenbau&#8220; des Landwirtschaftlichen Technologiezentrums Augustenberg, Karlsruhe.<\/em><\/span>[\/vc_column_text][\/vc_column][\/vc_row][vc_row equal_height=&#8220;yes&#8220; content_placement=&#8220;top&#8220;][vc_column width=&#8220;1\/12&#8243;][vc_column_text]2016[\/vc_column_text][\/vc_column][vc_column width=&#8220;11\/12&#8243;][vc_column_text]Thripse im Zierpflanzenbau &#8211; Erkennung und Bestimmung bereits bekannter und neu auftretender Arten.\u00a0<em>Vortrag im Rahmen der Tagung &#8222;N<\/em><span class=\"style160\"><em>\u00fc<\/em><\/span><em>tzlingseinsatz im gesch<\/em><span class=\"style160\"><em>\u00fc<\/em><\/span><em>tzten Landbau mit dem Schwerpunkt Thripse&#8220; der Fa. Sautter &amp; Stepper GmbH &#8211; Biologischer Pflanzenschutz in Herrenberg<\/em>.[\/vc_column_text][\/vc_column][\/vc_row][vc_row equal_height=&#8220;yes&#8220; content_placement=&#8220;top&#8220;][vc_column width=&#8220;1\/12&#8243;][vc_column_text]2014[\/vc_column_text][\/vc_column][vc_column width=&#8220;11\/12&#8243;][vc_column_text]<span class=\"style160\">Thripse<\/span>\u00a0(Insecta: Thysanoptera)\u00a0<span class=\"style160\">entdecken, erkennen, pr\u00e4parieren und fotografieren<\/span>.\u00a0<em>Vortrag zum\u00a0<span class=\"style63\"><a href=\"http:\/\/www.mikroskopie-bonn.de\/berichte_von_treffen_und_aktionen\/berichte_2014\/doernberg_ii\/index.html\">zweiten D\u00f6rnberger Mikroskopikertreffen<\/a><\/span>.<\/em>[\/vc_column_text][\/vc_column][\/vc_row][vc_row equal_height=&#8220;yes&#8220; content_placement=&#8220;top&#8220;][vc_column width=&#8220;1\/12&#8243;][vc_column_text]2014[\/vc_column_text][\/vc_column][vc_column width=&#8220;11\/12&#8243;][vc_column_text]Fransenfl\u00fcgler (Thysanoptera) &#8211; eine \u2018unbekannte\u2019 Insektenordnung.\u00a0<em>Vortrag mit praktischem Kurs bei der\u00a0<span class=\"style209\">Berliner Mikroskopischen Gesellschaft e.V.<\/span><\/em>[\/vc_column_text][\/vc_column][\/vc_row][vc_row equal_height=&#8220;yes&#8220; content_placement=&#8220;top&#8220;][vc_column width=&#8220;1\/12&#8243;][vc_column_text]2014[\/vc_column_text][\/vc_column][vc_column width=&#8220;11\/12&#8243;][vc_column_text]Zierbaurelevante Thripse &#8211; Wie genau kennen wir eigentlich die verschiedenen Arten? M<span class=\"style160\">\u00f6<\/span>glichkeiten der Klassifizierung von Schadthripsen an Kulturpflanzen.\u00a0<em>Vortrag im Rahmen des Erfahrungsaustauschs &#8222;N<\/em><span class=\"style160\"><em>\u00fc<\/em><\/span><em>tzlingseinsatz im gesch<\/em><span class=\"style160\"><em>\u00fc<\/em><\/span><em>tzten Landbau&#8220; der Fa. Sautter &amp; Stepper GmbH &#8211; Biologischer Pflanzenschutz in Herrenberg<\/em>.[\/vc_column_text][\/vc_column][\/vc_row][vc_row equal_height=&#8220;yes&#8220; content_placement=&#8220;top&#8220;][vc_column width=&#8220;1\/12&#8243;][vc_column_text]2012[\/vc_column_text][\/vc_column][vc_column width=&#8220;11\/12&#8243;][vc_column_text]Mathematische \u00dcberraschungen in der Natur &#8211; Von Zahlenspielereien und Fibonacci-Folgen.\u00a0<em>Vortrag zur P\u00e4dagogischen Konferenz an der Freien Waldorfschule Offenburg<\/em>.[\/vc_column_text][\/vc_column][\/vc_row][vc_row equal_height=&#8220;yes&#8220; content_placement=&#8220;top&#8220;][vc_column width=&#8220;1\/12&#8243;][vc_column_text]2010[\/vc_column_text][\/vc_column][vc_column width=&#8220;11\/12&#8243;][vc_column_text]Wirklichkeitsverst\u00e4ndnis der Amazonas-Indianer.\u00a0<em>Vortragreihe zum ersten Kassler Jugendsymposion zum Thema \u201eWirklichkeit\u201c.<\/em>[\/vc_column_text][\/vc_column][\/vc_row][vc_row equal_height=&#8220;yes&#8220; content_placement=&#8220;top&#8220;][vc_column width=&#8220;1\/12&#8243;][vc_column_text]2005[\/vc_column_text][\/vc_column][vc_column width=&#8220;11\/12&#8243;][vc_column_text]Bl\u00fctenbest\u00e4ubung \u2013 Vergleichende Betrachtungen zwischen Bienen und Kleinstinsekten.\u00a0<em>Vortrag zur ersten au\u00dferordentlichen Klausurtagung des Buckfast Bienenkonvents im Kloster Sch\u00f6ntal.<\/em>[\/vc_column_text][\/vc_column][\/vc_row][vc_row equal_height=&#8220;yes&#8220; content_placement=&#8220;top&#8220;][vc_column width=&#8220;1\/12&#8243;][vc_column_text]2003 bis\u00a02005[\/vc_column_text][\/vc_column][vc_column width=&#8220;11\/12&#8243;][vc_column_text]Ungez\u00e4hlte Vortr\u00e4ge mit falknerischer Demonstration von Adlern, Geiern und Eulen w\u00e4hrend der Flugvorf\u00fchrungen der Deutschen Greifenwarte Burg Guttenberg.[\/vc_column_text][\/vc_column][\/vc_row][vc_row equal_height=&#8220;yes&#8220; content_placement=&#8220;top&#8220;][vc_column width=&#8220;1\/12&#8243;][vc_column_text]2003[\/vc_column_text][\/vc_column][vc_column width=&#8220;11\/12&#8243;][vc_column_text]Analyses comparatives sur la chasse et la p\u00eache des am\u00e9rindiens \u00ab\u00a0Wayana\u00a0\u00bb sur le Haute Maroni.\u00a0<em>Vortrag im Rahmen eines Kolloquiums des ENGREF, Kourou, Franz\u00f6sisch-Guayana.<\/em>[\/vc_column_text][\/vc_column][\/vc_row][vc_row equal_height=&#8220;yes&#8220; content_placement=&#8220;top&#8220;][vc_column width=&#8220;1\/12&#8243;][vc_column_text]2000[\/vc_column_text][\/vc_column][vc_column width=&#8220;11\/12&#8243;][vc_column_text]Best\u00e4ubung an\u00a0<em>Solanum subinerme<\/em>\u00a0(Solanaceae) &#8211; Ein Co-Produkt von Bl\u00fctenparasiten?\u00a0<em>Vortrag im Rahmen des Botanischen Kolloquiums an der Universit\u00e4t Ulm.<\/em>[\/vc_column_text][\/vc_column][\/vc_row][vc_row equal_height=&#8220;yes&#8220; content_placement=&#8220;top&#8220;][vc_column width=&#8220;1\/12&#8243;][vc_column_text]1999[\/vc_column_text][\/vc_column][vc_column width=&#8220;11\/12&#8243;][vc_column_text]Thrips &#8211; presumable pollinators of tropical plants.\u00a0<em>Vortrag zum Abschluss des LSF (Large-Scale-Facility) Programms. SILVOLAB, Kourou, Franz\u00f6sisch-Guayana<\/em><strong><em>.<\/em><\/strong>[\/vc_column_text][\/vc_column][\/vc_row][vc_row equal_height=&#8220;yes&#8220; content_placement=&#8220;top&#8220;][vc_column width=&#8220;1\/12&#8243;][vc_column_text]1998[\/vc_column_text][\/vc_column][vc_column width=&#8220;11\/12&#8243;][vc_column_text]Die Arbeit eines Biologen im tropischen Regenwald.\u00a0<em>Vortrag zur Erstsemestereinf\u00fchrung der Biologiestudenten an der Universit\u00e4t Ulm.<\/em>[\/vc_column_text][\/vc_column][\/vc_row][vc_row equal_height=&#8220;yes&#8220; content_placement=&#8220;top&#8220;][vc_column width=&#8220;1\/12&#8243;][vc_column_text]1998[\/vc_column_text][\/vc_column][vc_column width=&#8220;11\/12&#8243;][vc_column_text]Thysanopterengesellschaften eines Tieflandregenwaldes in Franz\u00f6sisch-Guayana.\u00a0<em>Vortrag im Rahmen eines Botanischen Kolloquiums an der Universit\u00e4t Ulm.<\/em>[\/vc_column_text][\/vc_column][\/vc_row][vc_row equal_height=&#8220;yes&#8220; content_placement=&#8220;top&#8220;][vc_column width=&#8220;1\/12&#8243;][vc_column_text]1998[\/vc_column_text][\/vc_column][vc_column width=&#8220;11\/12&#8243;][vc_column_text]Laufk\u00e4fer (Coleoptera: Carabidae) \u2013 Ihre Bestimmung, Biologie und \u00f6kologische Bedeutung.\u00a0<em>Einf\u00fchrender Vortrag zum Praktikum der Terrestrischen \u00d6kologie an der Universit\u00e4t Ulm.<\/em>[\/vc_column_text][\/vc_column][\/vc_row][vc_row equal_height=&#8220;yes&#8220; content_placement=&#8220;top&#8220;][vc_column width=&#8220;1\/12&#8243;][vc_column_text]1998[\/vc_column_text][\/vc_column][vc_column width=&#8220;11\/12&#8243;][vc_column_text]Eindr\u00fccke einer entomologischen Exkursion nach Franz\u00f6sisch-Guayana.\u00a0<em>Vortrag im Rahmen des \u00d6kologischen Kolloquiums an der Universit\u00e4t Ulm.<\/em>[\/vc_column_text][\/vc_column][\/vc_row][vc_row equal_height=&#8220;yes&#8220; content_placement=&#8220;top&#8220;][vc_column width=&#8220;1\/12&#8243;][vc_column_text]1998[\/vc_column_text][\/vc_column][vc_column width=&#8220;11\/12&#8243;][vc_column_text]Thysanopterengesellschaften eines Tieflandregenwaldes in Franz\u00f6sisch-Guayana.\u00a0<em>Vortrag im Rahmen eines Botanischen Kolloquiums an der Universit\u00e4t Ulm.<\/em>[\/vc_column_text][\/vc_column][\/vc_row][vc_row equal_height=&#8220;yes&#8220; content_placement=&#8220;top&#8220;][vc_column width=&#8220;1\/12&#8243;][vc_column_text]1997[\/vc_column_text][\/vc_column][vc_column width=&#8220;11\/12&#8243;][vc_column_text]Fransenfl\u00fcgler &#8211; eine \u2018unbekannte\u2019 Insektenordnung.\u00a0<em>Gastvortrag beim Entomologischen Verein Schw\u00e4bisch Gm\u00fcnd.<\/em>[\/vc_column_text][\/vc_column][\/vc_row][vc_row equal_height=&#8220;yes&#8220; content_placement=&#8220;top&#8220;][vc_column width=&#8220;1\/12&#8243;][vc_column_text]1997[\/vc_column_text][\/vc_column][vc_column width=&#8220;11\/12&#8243;][vc_column_text]Autochthone und allochthone Thysanopterenz\u00f6nosen terrestrischer \u00d6kosysteme in S\u00fcddeutschland.\u00a0<em>Vortrag im Rahmen der Tagung der Deutschen Gesellschaft f\u00fcr allgemeine und angewandte Entomologie, Bayreuth.<\/em>[\/vc_column_text][\/vc_column][\/vc_row][vc_row equal_height=&#8220;yes&#8220; content_placement=&#8220;top&#8220;][vc_column width=&#8220;1\/12&#8243;][vc_column_text]1997[\/vc_column_text][\/vc_column][vc_column width=&#8220;11\/12&#8243;][vc_column_text]Fransenfl\u00fcglerz\u00f6nosen (Insecta, Thysanoptera) von W\u00e4ldern und Streuobstwiesen in S\u00fcddeutschland.\u00a0<em>Vortrag im Rahmen eines \u00d6kologischen Kolloquiums an der Universit\u00e4t Ulm.<\/em>[\/vc_column_text][\/vc_column][\/vc_row][vc_row equal_height=&#8220;yes&#8220; content_placement=&#8220;top&#8220;][vc_column width=&#8220;1\/12&#8243;][vc_column_text]1997[\/vc_column_text][\/vc_column][vc_column width=&#8220;11\/12&#8243;][vc_column_text]Biologie und \u00d6kologie von Thysanopteren in Mitteleuropa.\u00a0<em>Vortrag im Rahmen eines \u00d6kologischen Kolloquiums an der Universit\u00e4t Ulm.<\/em>[\/vc_column_text][\/vc_column][\/vc_row]<\/p>\n<\/div>","protected":false},"excerpt":{"rendered":"<p>[vc_row equal_height=&#8220;yes&#8220; content_placement=&#8220;top&#8220;][vc_column][vc_column_text]Vortr\u00e4ge[\/vc_column_text][\/vc_column][\/vc_row][vc_row equal_height=&#8220;yes&#8220; content_placement=&#8220;top&#8220;][vc_column][vc_column_text css_animation=&#8220;appear&#8220;][\/vc_column_text][vc_column_text][\/vc_column_text][\/vc_column][\/vc_row][vc_row equal_height=&#8220;yes&#8220; content_placement=&#8220;top&#8220;][vc_column width=&#8220;1\/12&#8243;][vc_column_text css=&#8220;&#8220;]2025[\/vc_column_text][\/vc_column][vc_column width=&#8220;11\/12&#8243;][vc_column_text css=&#8220;&#8220;] Blasenf\u00fc\u00dfe \u2013 Fransenfl\u00fcgler \u2013 Einblick in die Welt der Thripse. Vortrag zur 16. Internationalen Fachtagung \u00d6kologische Pflege in St. P\u00f6lten, \u00d6sterreich; Veranstalter: Natur im Garten am 19. November.&nbsp; [\/vc_column_text][\/vc_column][\/vc_row][vc_row equal_height=&#8220;yes&#8220; content_placement=&#8220;top&#8220;][vc_column width=&#8220;1\/12&#8243;][vc_column_text]2024[\/vc_column_text][\/vc_column][vc_column width=&#8220;11\/12&#8243;][vc_column_text css=&#8220;&#8220;] Thrips (Thysanoptera) \u2013 A hidden world. Er\u00f6ffnungsvortrag zur Tagung&#8230;<\/p>\n","protected":false},"author":3,"featured_media":0,"parent":35,"menu_order":0,"comment_status":"closed","ping_status":"closed","template":"","meta":{"footnotes":""},"class_list":["post-731","page","type-page","status-publish","hentry"],"_links":{"self":[{"href":"https:\/\/www.thrips-id.com\/de\/wp-json\/wp\/v2\/pages\/731","targetHints":{"allow":["GET"]}}],"collection":[{"href":"https:\/\/www.thrips-id.com\/de\/wp-json\/wp\/v2\/pages"}],"about":[{"href":"https:\/\/www.thrips-id.com\/de\/wp-json\/wp\/v2\/types\/page"}],"author":[{"embeddable":true,"href":"https:\/\/www.thrips-id.com\/de\/wp-json\/wp\/v2\/users\/3"}],"replies":[{"embeddable":true,"href":"https:\/\/www.thrips-id.com\/de\/wp-json\/wp\/v2\/comments?post=731"}],"version-history":[{"count":46,"href":"https:\/\/www.thrips-id.com\/de\/wp-json\/wp\/v2\/pages\/731\/revisions"}],"predecessor-version":[{"id":8461,"href":"https:\/\/www.thrips-id.com\/de\/wp-json\/wp\/v2\/pages\/731\/revisions\/8461"}],"up":[{"embeddable":true,"href":"https:\/\/www.thrips-id.com\/de\/wp-json\/wp\/v2\/pages\/35"}],"wp:attachment":[{"href":"https:\/\/www.thrips-id.com\/de\/wp-json\/wp\/v2\/media?parent=731"}],"curies":[{"name":"wp","href":"https:\/\/api.w.org\/{rel}","templated":true}]}}