{"id":761,"date":"2017-01-01T23:39:19","date_gmt":"2017-01-01T22:39:19","guid":{"rendered":"http:\/\/www.thrips-id.com\/de\/?page_id=761"},"modified":"2021-09-26T00:10:04","modified_gmt":"2021-09-25T22:10:04","slug":"poster","status":"publish","type":"page","link":"https:\/\/www.thrips-id.com\/de\/ueber-mich\/poster\/","title":{"rendered":"Poster"},"content":{"rendered":"<div class=\"wpb-content-wrapper\"><p>[vc_row equal_height=&#8220;yes&#8220;][vc_column width=&#8220;1\/12&#8243;][vc_column_text][\/vc_column_text][\/vc_column][vc_column width=&#8220;11\/12&#8243;][vc_column_text]<span style=\"color: #000000;\"><strong>Wissenschaftliche Poster<\/strong><\/span>[\/vc_column_text][\/vc_column][\/vc_row][vc_row equal_height=&#8220;yes&#8220;][vc_column width=&#8220;1\/12&#8243;][vc_column_text]<\/p>\n<p style=\"text-align: left;\">2021<\/p>\n<p>[\/vc_column_text][\/vc_column][vc_column width=&#8220;10\/12&#8243;][vc_column_text]Advances in Thrips Photography. <em>Poster zum 6th Symposium on Palaearctic Thysanoptera in Zam\u00e1rdi, Ungarn, 13. \u2013 17. September 2021.<\/em>[\/vc_column_text][\/vc_column][vc_column width=&#8220;1\/12&#8243;][vc_raw_html]JTNDYSUyMGhyZWYlM0QlMjIlMkZkZSUyRndwLWNvbnRlbnQlMkZ1cGxvYWRzJTJGc2l0ZXMlMkYyJTJGMjAyMSUyRjA5JTJGcG9zdGVyLVVsaXR6a2EtY29tcHJlc3NlZC5wZGYlMjIlMjB0YXJnZXQlM0QlMjJfYmxhbmslMjIlM0UlMjAlMEElMjAlMjAlMjAlMjAlM0NpbWclMjBzcmMlM0QlMjIlMkZkZSUyRndwLWNvbnRlbnQlMkZ1cGxvYWRzJTJGc2l0ZXMlMkYyJTJGMjAxNyUyRjAxJTJGcGRmaG92ZXIxLnBuZyUyMiUwQSUyMCUyMCUyMCUyMCUyMCUyMCUyMG9ubW91c2VvdmVyJTNEJTIydGhpcy5zcmMlM0QlMjclMkZkZSUyRndwLWNvbnRlbnQlMkZ1cGxvYWRzJTJGc2l0ZXMlMkYyJTJGMjAxNyUyRjAxJTJGcGRmZG93bmxvYWQucG5nJTI3JTNCJTIyJTBBJTIwJTIwJTIwJTIwJTIwJTIwJTIwb25tb3VzZW91dCUzRCUyMnRoaXMuc3JjJTNEJTI3JTJGZGUlMkZ3cC1jb250ZW50JTJGdXBsb2FkcyUyRnNpdGVzJTJGMiUyRjIwMTclMkYwMSUyRnBkZmhvdmVyMS5wbmclMjclM0IlMjIlM0UlMEElMjAlMjAlMjAlMjAlM0MlMkZpbWclM0UlMjAlMEElM0MlMkZhJTNF[\/vc_raw_html][\/vc_column][\/vc_row][vc_row equal_height=&#8220;yes&#8220;][vc_column width=&#8220;1\/12&#8243;][vc_column_text]<\/p>\n<p style=\"text-align: left;\">2006<\/p>\n<p>[\/vc_column_text][\/vc_column][vc_column width=&#8220;10\/12&#8243;][vc_column_text]An\u00e1lisis comparativo de la cacer\u00eda en tres pueblos de comunidades ind\u00edgenas en Guyana Francesa. [Richard-Hansen, C., Gaucher, P., Maillard, J.-F. &amp; Ulitzka, M.R.].\u00a0<em>Poster zur VII Conference for International Management of Fauna in Amazonia and Latin America, Santa Cruz, Brasilien.<\/em>[\/vc_column_text][\/vc_column][vc_column width=&#8220;1\/12&#8243;][vc_raw_html]JTNDYSUyMGhyZWYlM0QlMjIlMkZkZSUyRndwLWNvbnRlbnQlMkZ1cGxvYWRzJTJGc2l0ZXMlMkYyJTJGMjAxNyUyRjAxJTJGVW5hcC0yMDA0LVJlc3VtZW5lcy1WSS1Db25ncmVzby1GYXVuYS5wZGYlMjIlMjB0YXJnZXQlM0QlMjJfYmxhbmslMjIlM0UlMjAlMEElMjAlMjAlMjAlMjAlM0NpbWclMjBzcmMlM0QlMjIlMkZkZSUyRndwLWNvbnRlbnQlMkZ1cGxvYWRzJTJGc2l0ZXMlMkYyJTJGMjAxNyUyRjAxJTJGcGRmaG92ZXIxLnBuZyUyMiUwQSUyMCUyMCUyMCUyMCUyMCUyMCUyMG9ubW91c2VvdmVyJTNEJTIydGhpcy5zcmMlM0QlMjclMkZkZSUyRndwLWNvbnRlbnQlMkZ1cGxvYWRzJTJGc2l0ZXMlMkYyJTJGMjAxNyUyRjAxJTJGcGRmZG93bmxvYWQucG5nJTI3JTNCJTIyJTBBJTIwJTIwJTIwJTIwJTIwJTIwJTIwb25tb3VzZW91dCUzRCUyMnRoaXMuc3JjJTNEJTI3JTJGZGUlMkZ3cC1jb250ZW50JTJGdXBsb2FkcyUyRnNpdGVzJTJGMiUyRjIwMTclMkYwMSUyRnBkZmhvdmVyMS5wbmclMjclM0IlMjIlM0UlMEElMjAlMjAlMjAlMjAlM0MlMkZpbWclM0UlMjAlMEElM0MlMkZhJTNF[\/vc_raw_html][\/vc_column][\/vc_row][vc_row equal_height=&#8220;yes&#8220;][vc_column width=&#8220;1\/12&#8243;][vc_column_text]<\/p>\n<p style=\"text-align: left;\">1999<\/p>\n<p>[\/vc_column_text][\/vc_column][vc_column width=&#8220;11\/12&#8243;][vc_column_text]Canopy-Thrips [Ulitzka, M.R. &amp; Spadinger, R.].\u00a0<em>Poster zur 12. Jahrestagung der Deutschen Gesellschaft f\u00fcr Tropen\u00f6kologie, Ulm.<\/em>[\/vc_column_text][\/vc_column][\/vc_row][vc_row equal_height=&#8220;yes&#8220;][vc_column width=&#8220;1\/12&#8243;][vc_column_text]<\/p>\n<p style=\"text-align: left;\">1998<\/p>\n<p>[\/vc_column_text][\/vc_column][vc_column width=&#8220;11\/12&#8243;][vc_column_text]Fransenfl\u00fcglergesellschaften von W\u00e4ldern und Streuobstwiesen in S\u00fcddeutschland (Insecta, Thysanoptera)\u00a0[Ulitzka, M.R. &amp; Funke, W.].\u00a0<em>Poster zur 28. Jahrestagung der Gesellschaft f\u00fcr \u00d6kologie, Ulm.\u00a0<\/em>[\/vc_column_text][\/vc_column][\/vc_row]<\/p>\n<\/div>","protected":false},"excerpt":{"rendered":"<p>[vc_row equal_height=&#8220;yes&#8220;][vc_column width=&#8220;1\/12&#8243;][vc_column_text][\/vc_column_text][\/vc_column][vc_column width=&#8220;11\/12&#8243;][vc_column_text]Wissenschaftliche Poster[\/vc_column_text][\/vc_column][\/vc_row][vc_row equal_height=&#8220;yes&#8220;][vc_column width=&#8220;1\/12&#8243;][vc_column_text] 2021 [\/vc_column_text][\/vc_column][vc_column width=&#8220;10\/12&#8243;][vc_column_text]Advances in Thrips Photography. Poster zum 6th Symposium on Palaearctic Thysanoptera in Zam\u00e1rdi, Ungarn, 13. \u2013 17. September 2021.[\/vc_column_text][\/vc_column][vc_column width=&#8220;1\/12&#8243;][vc_raw_html]JTNDYSUyMGhyZWYlM0QlMjIlMkZkZSUyRndwLWNvbnRlbnQlMkZ1cGxvYWRzJTJGc2l0ZXMlMkYyJTJGMjAyMSUyRjA5JTJGcG9zdGVyLVVsaXR6a2EtY29tcHJlc3NlZC5wZGYlMjIlMjB0YXJnZXQlM0QlMjJfYmxhbmslMjIlM0UlMjAlMEElMjAlMjAlMjAlMjAlM0NpbWclMjBzcmMlM0QlMjIlMkZkZSUyRndwLWNvbnRlbnQlMkZ1cGxvYWRzJTJGc2l0ZXMlMkYyJTJGMjAxNyUyRjAxJTJGcGRmaG92ZXIxLnBuZyUyMiUwQSUyMCUyMCUyMCUyMCUyMCUyMCUyMG9ubW91c2VvdmVyJTNEJTIydGhpcy5zcmMlM0QlMjclMkZkZSUyRndwLWNvbnRlbnQlMkZ1cGxvYWRzJTJGc2l0ZXMlMkYyJTJGMjAxNyUyRjAxJTJGcGRmZG93bmxvYWQucG5nJTI3JTNCJTIyJTBBJTIwJTIwJTIwJTIwJTIwJTIwJTIwb25tb3VzZW91dCUzRCUyMnRoaXMuc3JjJTNEJTI3JTJGZGUlMkZ3cC1jb250ZW50JTJGdXBsb2FkcyUyRnNpdGVzJTJGMiUyRjIwMTclMkYwMSUyRnBkZmhvdmVyMS5wbmclMjclM0IlMjIlM0UlMEElMjAlMjAlMjAlMjAlM0MlMkZpbWclM0UlMjAlMEElM0MlMkZhJTNF[\/vc_raw_html][\/vc_column][\/vc_row][vc_row equal_height=&#8220;yes&#8220;][vc_column width=&#8220;1\/12&#8243;][vc_column_text] 2006 [\/vc_column_text][\/vc_column][vc_column width=&#8220;10\/12&#8243;][vc_column_text]An\u00e1lisis comparativo de la cacer\u00eda en tres pueblos de comunidades ind\u00edgenas en Guyana Francesa. [Richard-Hansen, C., Gaucher, P., Maillard, J.-F. &amp; Ulitzka,&#8230;<\/p>\n","protected":false},"author":3,"featured_media":0,"parent":35,"menu_order":0,"comment_status":"closed","ping_status":"closed","template":"","meta":{"footnotes":""},"class_list":["post-761","page","type-page","status-publish","hentry"],"_links":{"self":[{"href":"https:\/\/www.thrips-id.com\/de\/wp-json\/wp\/v2\/pages\/761","targetHints":{"allow":["GET"]}}],"collection":[{"href":"https:\/\/www.thrips-id.com\/de\/wp-json\/wp\/v2\/pages"}],"about":[{"href":"https:\/\/www.thrips-id.com\/de\/wp-json\/wp\/v2\/types\/page"}],"author":[{"embeddable":true,"href":"https:\/\/www.thrips-id.com\/de\/wp-json\/wp\/v2\/users\/3"}],"replies":[{"embeddable":true,"href":"https:\/\/www.thrips-id.com\/de\/wp-json\/wp\/v2\/comments?post=761"}],"version-history":[{"count":34,"href":"https:\/\/www.thrips-id.com\/de\/wp-json\/wp\/v2\/pages\/761\/revisions"}],"predecessor-version":[{"id":5515,"href":"https:\/\/www.thrips-id.com\/de\/wp-json\/wp\/v2\/pages\/761\/revisions\/5515"}],"up":[{"embeddable":true,"href":"https:\/\/www.thrips-id.com\/de\/wp-json\/wp\/v2\/pages\/35"}],"wp:attachment":[{"href":"https:\/\/www.thrips-id.com\/de\/wp-json\/wp\/v2\/media?parent=761"}],"curies":[{"name":"wp","href":"https:\/\/api.w.org\/{rel}","templated":true}]}}